{"id":700,"date":"2016-04-12T19:12:18","date_gmt":"2016-04-12T17:12:18","guid":{"rendered":"http:\/\/travesiapirenaica.com\/?page_id=700"},"modified":"2024-07-16T18:30:39","modified_gmt":"2024-07-16T16:30:39","slug":"publicite_","status":"publish","type":"page","link":"https:\/\/travesiapirenaica.com\/fr\/publicidad_\/","title":{"rendered":"Publicit\u00e9"},"content":{"rendered":"<p>Les lecteurs de <em>Travers\u00e9e des Pyr\u00e9n\u00e9es<\/em> ce sont des pyr\u00e9n\u00e9ens, des alpinistes, <em>amoureux de la nature<\/em>photographes, photographes, aventuriers, amoureux de la nature et de l'environnement. <em>ext\u00e9rieur<\/em>entrepreneurs, entrepreneurs, blogueurs. Ce sont des penseurs agit\u00e9s, des explorateurs, des mondains num\u00e9riques, des nomades modernes.<\/p>\n\n\n\n<p>Envoyez-nous un courriel \u00e0 <strong><a href=\"mailto:info@travesiapirenaica.com\" target=\"_blank\" rel=\"noreferrer noopener\">info@travesiapirenaica.com<\/a><\/strong> pour voir comment <em>Travers\u00e9e des Pyr\u00e9n\u00e9es<\/em> peut \u00eatre b\u00e9n\u00e9fique pour votre marque, votre campagne, votre entreprise ou votre id\u00e9e.<\/p>\n\n\n\n<hr class=\"wp-block-separator\"\/>\n\n\n\n<p>Si vous souhaitez faire de la publicit\u00e9 dans <strong><a href=\"http:\/\/travesiapirenaica.com\/fr\/\" target=\"_blank\" rel=\"noreferrer noopener\">travesiapirenaica.com<\/a><\/strong>Veuillez nous contacter :<\/p>\n\n\n\n<p><strong><a href=\"mailto:info@travesiapirenaica.com\" target=\"_blank\" rel=\"noreferrer noopener\">info@travesiapirenaica.com<\/a><\/strong><\/p>\n\n\n\n<p>PAMPLONA<\/p>\n\n\n\n<p>T\u00e9l\u00e9phone : + 34 687 21 21 13<\/p>\n\n\n\n<hr class=\"wp-block-separator\"\/>","protected":false},"excerpt":{"rendered":"extrait","protected":false},"author":1,"featured_media":0,"parent":0,"menu_order":0,"comment_status":"closed","ping_status":"closed","template":"","meta":{"_kad_blocks_custom_css":"","_kad_blocks_head_custom_js":"","_kad_blocks_body_custom_js":"","_kad_blocks_footer_custom_js":"","episode_type":"","audio_file":"","podmotor_file_id":"","podmotor_episode_id":"","cover_image":"","cover_image_id":"","duration":"","filesize":"","filesize_raw":"","date_recorded":"","explicit":"","block":"","_kad_post_transparent":"","_kad_post_title":"","_kad_post_layout":"","_kad_post_sidebar_id":"","_kad_post_content_style":"","_kad_post_vertical_padding":"","_kad_post_feature":"","_kad_post_feature_position":"","_kad_post_header":false,"_kad_post_footer":false,"_kad_post_classname":"","footnotes":""},"class_list":["post-700","page","type-page","status-publish","hentry"],"taxonomy_info":[],"featured_image_src_large":false,"author_info":{"display_name":"Traves\u00eda Pirenaica","author_link":"https:\/\/travesiapirenaica.com\/fr\/author\/travesia-pirenaica\/"},"comment_info":0,"jetpack_sharing_enabled":false,"_links":{"self":[{"href":"https:\/\/travesiapirenaica.com\/fr\/wp-json\/wp\/v2\/pages\/700","targetHints":{"allow":["GET"]}}],"collection":[{"href":"https:\/\/travesiapirenaica.com\/fr\/wp-json\/wp\/v2\/pages"}],"about":[{"href":"https:\/\/travesiapirenaica.com\/fr\/wp-json\/wp\/v2\/types\/page"}],"author":[{"embeddable":true,"href":"https:\/\/travesiapirenaica.com\/fr\/wp-json\/wp\/v2\/users\/1"}],"replies":[{"embeddable":true,"href":"https:\/\/travesiapirenaica.com\/fr\/wp-json\/wp\/v2\/comments?post=700"}],"version-history":[{"count":0,"href":"https:\/\/travesiapirenaica.com\/fr\/wp-json\/wp\/v2\/pages\/700\/revisions"}],"wp:attachment":[{"href":"https:\/\/travesiapirenaica.com\/fr\/wp-json\/wp\/v2\/media?parent=700"}],"curies":[{"name":"wp","href":"https:\/\/api.w.org\/{rel}","templated":true}]}}