{"id":724,"date":"2016-04-13T14:55:01","date_gmt":"2016-04-13T12:55:01","guid":{"rendered":"http:\/\/travesiapirenaica.com\/?page_id=724"},"modified":"2021-01-15T13:23:49","modified_gmt":"2021-01-15T12:23:49","slug":"qui-nous-sommes","status":"publish","type":"page","link":"https:\/\/travesiapirenaica.com\/fr\/quienes-somos\/","title":{"rendered":"Qui sommes-nous ?"},"content":{"rendered":"<h1 class=\"wp-block-heading\">\/ TRAVERS\u00c9E DES PYR\u00c9N\u00c9ES<\/h1>\n\n\n\n<p><em>Travers\u00e9e des Pyr\u00e9n\u00e9es<\/em>&nbsp;a partag\u00e9 l'exp\u00e9rience de la&nbsp;<strong>Les grands itin\u00e9raires et les grandes travers\u00e9es des Pyr\u00e9n\u00e9es<\/strong>&nbsp;dans votre guide&nbsp;<em>en ligne<\/em>&nbsp;depuis 2011, qui ne se contente pas d'\u00eatre une plateforme statique, mais constitue le point de rencontre et d'inspiration de la communaut\u00e9.&nbsp;<strong><em>Les amoureux des Pyr\u00e9n\u00e9es<\/em><\/strong>.<\/p>\n\n\n\n<p><em>Ce jour-l\u00e0 - nous \u00e9tions \u00e0 la fin de l'ann\u00e9e 2011 - Kike et Edu se rendaient en voiture \u00e0 Jaca pour une journ\u00e9e de raquettes. \"Tonton, il faut faire quelque chose...\". Chaque virage de la route interminable qui traverse le r\u00e9servoir de Yesa \u00e9tait une id\u00e9e. \"Et pourquoi pas un site Internet de Grandes Traves\u00edas... ? Ce jour-l\u00e0, une fois de plus, le soleil a fait ses adieux et ces personnages ont continu\u00e9 \u00e0 chercher le Y\u00e9ti dans les neiges pyr\u00e9n\u00e9ennes, sans s'en soucier le moins du monde, comme ils en ont l'habitude. Le froid de la nuit hivernale leur a \u00e9clairci les id\u00e9es.\u00a0<\/em><\/p>\n\n\n\n<p><em>Voici comment cette aventure a commenc\u00e9<\/em>.<\/p>\n\n\n\n<figure class=\"wp-block-embed is-type-video is-provider-youtube wp-block-embed-youtube wp-embed-aspect-16-9 wp-has-aspect-ratio\"><div class=\"wp-block-embed__wrapper\">\n<iframe loading=\"lazy\" title=\"La travers\u00e9e des Pyr\u00e9n\u00e9es dans l&#039;\u00e9mission Green Beetle de la RTVE\" width=\"720\" height=\"405\" src=\"https:\/\/www.youtube.com\/embed\/GL9tPtOnIDA?feature=oembed\" frameborder=\"0\" allow=\"accelerometer; autoplay; clipboard-write; encrypted-media; gyroscope; picture-in-picture; web-share\" allowfullscreen><\/iframe>\n<\/div><\/figure>\n\n\n\n<p>Avec le lancement au printemps 2015 d'une publication&nbsp;<em>en ligne<\/em>&nbsp;pour accompagner le Guide des Pyr\u00e9n\u00e9es,&nbsp;<em>Travers\u00e9e des Pyr\u00e9n\u00e9es<\/em>&nbsp;est red\u00e9fini par rapport \u00e0 ses origines et se pr\u00e9sente comme le meilleur de l'Europe.&nbsp;<strong>Pyr\u00e9n\u00e9es, montagne, aventure et voyage<\/strong>comme une aura d'encouragement et d'inspiration, une confluence de chemins, dans la cr\u00e9ation d'un style de vie authentique guid\u00e9 par l'aventure et la passion comme une boussole.<\/p>\n\n\n\n<p><strong>Travers\u00e9e des Pyr\u00e9n\u00e9es<\/strong><br><a href=\"mailto:info@travesiapirenaica.com\" target=\"_blank\" rel=\"noreferrer noopener\">info@travesiapirenaica.com<\/a><\/p>","protected":false},"excerpt":{"rendered":"extrait","protected":false},"author":1,"featured_media":0,"parent":0,"menu_order":0,"comment_status":"closed","ping_status":"closed","template":"","meta":{"_kad_blocks_custom_css":"","_kad_blocks_head_custom_js":"","_kad_blocks_body_custom_js":"","_kad_blocks_footer_custom_js":"","episode_type":"","audio_file":"","podmotor_file_id":"","podmotor_episode_id":"","cover_image":"","cover_image_id":"","duration":"","filesize":"","filesize_raw":"","date_recorded":"","explicit":"","block":"","_kad_post_transparent":"","_kad_post_title":"","_kad_post_layout":"","_kad_post_sidebar_id":"","_kad_post_content_style":"","_kad_post_vertical_padding":"","_kad_post_feature":"","_kad_post_feature_position":"","_kad_post_header":false,"_kad_post_footer":false,"_kad_post_classname":"","footnotes":""},"class_list":["post-724","page","type-page","status-publish","hentry"],"taxonomy_info":[],"featured_image_src_large":false,"author_info":{"display_name":"Traves\u00eda Pirenaica","author_link":"https:\/\/travesiapirenaica.com\/fr\/author\/travesia-pirenaica\/"},"comment_info":0,"jetpack_sharing_enabled":false,"_links":{"self":[{"href":"https:\/\/travesiapirenaica.com\/fr\/wp-json\/wp\/v2\/pages\/724","targetHints":{"allow":["GET"]}}],"collection":[{"href":"https:\/\/travesiapirenaica.com\/fr\/wp-json\/wp\/v2\/pages"}],"about":[{"href":"https:\/\/travesiapirenaica.com\/fr\/wp-json\/wp\/v2\/types\/page"}],"author":[{"embeddable":true,"href":"https:\/\/travesiapirenaica.com\/fr\/wp-json\/wp\/v2\/users\/1"}],"replies":[{"embeddable":true,"href":"https:\/\/travesiapirenaica.com\/fr\/wp-json\/wp\/v2\/comments?post=724"}],"version-history":[{"count":0,"href":"https:\/\/travesiapirenaica.com\/fr\/wp-json\/wp\/v2\/pages\/724\/revisions"}],"wp:attachment":[{"href":"https:\/\/travesiapirenaica.com\/fr\/wp-json\/wp\/v2\/media?parent=724"}],"curies":[{"name":"wp","href":"https:\/\/api.w.org\/{rel}","templated":true}]}}