{"id":7824,"date":"2018-05-24T19:41:36","date_gmt":"2018-05-24T17:41:36","guid":{"rendered":"https:\/\/travesiapirenaica.com\/?page_id=7824"},"modified":"2023-04-11T14:45:07","modified_gmt":"2023-04-11T12:45:07","slug":"politique-de-confidentialite","status":"publish","type":"page","link":"https:\/\/travesiapirenaica.com\/fr\/politica-de-privacidad\/","title":{"rendered":"Politique de confidentialit\u00e9"},"content":{"rendered":"<p>Si vous \u00eates ici, c'est que vous souhaitez en savoir plus sur vos obligations et vos droits en tant qu'utilisateur de ce site web. <strong>https:\/\/travesiapirenaica.com<\/strong> Et c'est tr\u00e8s bien ainsi. Il est de notre devoir de vous informer et de votre devoir d'\u00eatre correctement inform\u00e9.<\/p>\n<p>Dans cette politique de confidentialit\u00e9, nous vous informons en toute transparence de la finalit\u00e9 de ce site web et de tout ce qui concerne les donn\u00e9es que vous nous fournissez, ainsi que des obligations et des droits qui vous reviennent.<\/p>\n<p>Tout d'abord, vous devez savoir que ce site est adapt\u00e9 \u00e0 la r\u00e9glementation en vigueur en mati\u00e8re de protection des donn\u00e9es, qui concerne les donn\u00e9es personnelles que vous nous fournissez avec votre consentement expr\u00e8s et les cookies que nous utilisons pour que ce site puisse fonctionner correctement et mener \u00e0 bien son activit\u00e9.<\/p>\n<p>Plus pr\u00e9cis\u00e9ment, ce site web est conforme aux r\u00e9glementations suivantes :<\/p>\n<p>Le <strong>GDPR (R\u00e8glement (UE) 2016\/679 du Parlement europ\u00e9en et du Conseil du 27 avril 2016 relatif \u00e0 la protection des personnes physiques)<\/strong> qui est le nouveau r\u00e8glement de l'Union europ\u00e9enne qui unifie la r\u00e9glementation du traitement des donn\u00e9es personnelles dans les diff\u00e9rents pays de l'UE.<\/p>\n<p>Les<strong> LOPD (Ley Org\u00e1nica 15\/1999, de 13 de diciembre, de Protecci\u00f3n de Datos de Car\u00e1cter Personal y Real Decreto 1720\/2007, de 21 de diciembre, el Reglamento de desarrollo de la LOPD).<\/strong> qui r\u00e9glemente le traitement des donn\u00e9es \u00e0 caract\u00e8re personnel et les obligations que les responsables d'un site web ou d'un blog doivent assumer dans la gestion de ces informations.<\/p>\n<p>Les<strong> LSSI (loi 34\/2002, du 11 juillet, sur les services de la soci\u00e9t\u00e9 de l'information et le commerce \u00e9lectronique).<\/strong>&nbsp;qui r\u00e9glemente les transactions \u00e9conomiques par voie \u00e9lectronique, comme dans le cas de ce blog.<\/p>\n<p><strong>DONN\u00c9ES D'IDENTIFICATION<\/strong><\/p>\n<p>Le responsable et propri\u00e9taire de ce site web est <strong>ASSOCIATION AHUNEMENDI<\/strong> (ci-apr\u00e8s <strong>AHUNEMENDI<\/strong>)<\/p>\n<ul>\n<li><strong>Nom<\/strong>: AHUNEMENDI<\/li>\n<li><strong>FNI<\/strong>: G71175467<\/li>\n<li><strong>Si\u00e8ge social<\/strong>C\/ Valdeall\u00edn n\u00ba7 3\u00baI 31200 Estella (Navarra) ESPAGNE<\/li>\n<li><strong>Activit\u00e9 du site web<\/strong>Diffusion de contenus li\u00e9s aux Pyr\u00e9n\u00e9es, \u00e0 la montagne, \u00e0 l'aventure et au voyage, affichage de publicit\u00e9s et recommandation de produits affili\u00e9s.<\/li>\n<li><strong>Adresse \u00e9lectronique<\/strong>: info@travesiapirenaica.com<\/li>\n<\/ul>\n<p>Les donn\u00e9es que vous nous fournissez avec votre consentement, et conform\u00e9ment \u00e0 l'utilisation \u00e9tablie dans la pr\u00e9sente politique de confidentialit\u00e9, seront incorpor\u00e9es dans un fichier automatis\u00e9 d\u00fbment enregistr\u00e9 aupr\u00e8s de l'Agence espagnole de protection des donn\u00e9es, dont le responsable est le suivant : <strong>AHUNEMENDI<\/strong>. Cela signifie que vos donn\u00e9es sont s\u00e9curis\u00e9es, conform\u00e9ment \u00e0 la loi.<\/p>\n<p>Les donn\u00e9es \u00e0 caract\u00e8re personnel que vous nous fournissez, avec votre consentement explicite, seront stock\u00e9es et trait\u00e9es aux fins \u00e9nonc\u00e9es et d\u00e9crites ci-dessous dans la pr\u00e9sente politique de confidentialit\u00e9, jusqu'\u00e0 ce que vous nous demandiez de les supprimer.<\/p>\n<p>Nous vous informons que la pr\u00e9sente politique de confidentialit\u00e9 peut \u00eatre modifi\u00e9e \u00e0 tout moment, afin de l'adapter \u00e0 une nouvelle l\u00e9gislation ou \u00e0 des changements dans nos activit\u00e9s, la version en vigueur \u00e9tant celle publi\u00e9e sur le site web \u00e0 tout moment. Vous serez inform\u00e9 de cette modification avant son application.<\/p>\n<p><strong>CONDITIONS D'UTILISATION<\/strong><\/p>\n<p>Sachez, pour votre tranquillit\u00e9 d'esprit, que nous vous demanderons toujours votre consentement expr\u00e8s pour collecter vos donn\u00e9es pour la finalit\u00e9 correspondante sp\u00e9cifi\u00e9e dans chaque cas, ce qui implique que, si vous donnez ce consentement, vous avez lu et accept\u00e9 la pr\u00e9sente politique de protection de la vie priv\u00e9e.<\/p>\n<p>Lorsque vous acc\u00e9dez \u00e0 ce site web et que vous l'utilisez, vous assumez votre statut d'utilisateur, avec les droits et les obligations qui en d\u00e9coulent.<\/p>\n<p>Si vous avez plus de 13 ans, vous pouvez vous inscrire en tant qu'utilisateur de ce site web sans l'accord pr\u00e9alable de vos parents ou de votre tuteur.<\/p>\n<p>Si vous avez moins de 13 ans, vous devrez obtenir le consentement de vos parents ou tuteurs pour le traitement de vos donn\u00e9es personnelles.<\/p>\n<p><strong>ENREGISTREMENT ET FINALIT\u00c9 DES DONN\u00c9ES<\/strong><\/p>\n<p>En fonction du formulaire ou de la section \u00e0 laquelle vous acc\u00e9dez, nous ne vous demanderons que les donn\u00e9es n\u00e9cessaires aux fins d\u00e9crites ci-dessous. \u00c0 tout moment, vous devez donner votre consentement explicite lorsque nous vous demandons des informations personnelles aux fins suivantes :<\/p>\n<p>Les finalit\u00e9s sp\u00e9cifiques qui sont notamment indiqu\u00e9es sur chacune des pages ou sections o\u00f9 figure le formulaire d'enregistrement ou de contact \u00e9lectronique.<br>\nDe mani\u00e8re g\u00e9n\u00e9rale, pour traiter vos demandes, commentaires, requ\u00eates ou tout autre type de demande que vous formulez en tant qu'utilisateur par le biais de l'un des formulaires de contact que nous mettons \u00e0 votre disposition.<br>\nPour vous informer sur les demandes de renseignements, les activit\u00e9s, les produits, les nouveaut\u00e9s et\/ou les services, par courrier \u00e9lectronique, t\u00e9l\u00e9copie, Whatsapp, Skype, t\u00e9l\u00e9phone, sms et mms, etc.<br>\nvous envoyer des communications commerciales ou publicitaires par tout autre moyen \u00e9lectronique ou physique permettant de communiquer.<br>\nCes communications seront toujours li\u00e9es \u00e0 nos produits, services, nouvelles ou promotions, ainsi qu'aux produits ou services que nous pouvons consid\u00e9rer comme int\u00e9ressants pour vous et qui peuvent \u00eatre offerts par des collaborateurs, des entreprises ou des partenaires avec lesquels nous avons conclu des accords de promotion ou de collaboration commerciale.<\/p>\n<p>Dans ce cas, nous garantissons que ces tiers n'auront jamais acc\u00e8s \u00e0 vos donn\u00e9es personnelles, sauf exceptions mentionn\u00e9es ci-dessous, et dans tous les cas, ces communications seront effectu\u00e9es par <strong>AHUNEMENDI<\/strong>en tant que propri\u00e9taire du site web.<\/p>\n<p>Ce site web pr\u00e9sente des produits affili\u00e9s de tiers. En particulier de <strong>AMAZON<\/strong> y <strong>Groupe Awin.<\/strong><br>\nCela signifie que lorsque vous cliquez sur \"Acheter maintenant\" ou sur un bouton similaire, vous \u00eates redirig\u00e9 vers la page o\u00f9 les produits sont propos\u00e9s.<\/p>\n<p>Dans ce cas, vous devez savoir que nous ne faisons que fournir et faciliter les liens vers les pages et\/ou les plateformes de ces tiers o\u00f9 les produits que nous pr\u00e9sentons peuvent \u00eatre acquis, afin de faciliter la recherche et l'acquisition de ces derniers.<\/p>\n<p>Ces pages li\u00e9es appartenant \u00e0 des tiers n'ont pas \u00e9t\u00e9 v\u00e9rifi\u00e9es par nous et ne sont pas soumises \u00e0 notre contr\u00f4le ou \u00e0 notre recommandation, de sorte qu'en aucun cas <strong>AHUNEMENDI<\/strong> n'est pas responsable des contenus de ces sites, des responsabilit\u00e9s d\u00e9coulant de leur utilisation dans tous les domaines, ni des mesures adopt\u00e9es en ce qui concerne la confidentialit\u00e9 des utilisateurs, le traitement de leurs donn\u00e9es personnelles ou toute autre mesure qui pourrait \u00eatre \u00e9tablie.<\/p>\n<p>Par cons\u00e9quent, nous vous recommandons de lire attentivement toutes les conditions d'utilisation, les conditions d'achat, les politiques de confidentialit\u00e9, les avis juridiques et\/ou les avis similaires de ces sites li\u00e9s avant de proc\u00e9der \u00e0 l'achat de ces produits ou \u00e0 l'utilisation des sites web.<\/p>\n<p><strong>L'EXACTITUDE ET LA V\u00c9RACIT\u00c9 DES DONN\u00c9ES<\/strong><\/p>\n<p>En tant qu'utilisateur, vous \u00eates seul responsable de la v\u00e9racit\u00e9 et de la modification des donn\u00e9es que vous envoyez \u00e0 <strong>AHUNEMENDI<\/strong>Nous d\u00e9clinons toute responsabilit\u00e9 \u00e0 cet \u00e9gard.<\/p>\n<p>En d'autres termes, vous \u00eates en tout \u00e9tat de cause responsable de l'exactitude, de la validit\u00e9 et de l'authenticit\u00e9 des donn\u00e9es personnelles fournies et vous vous engagez \u00e0 les tenir d\u00fbment \u00e0 jour.<\/p>\n<p>Comme indiqu\u00e9 dans la pr\u00e9sente politique de confidentialit\u00e9, vous acceptez de fournir des informations compl\u00e8tes et correctes dans le formulaire de contact ou d'abonnement.<\/p>\n<p><strong>D\u00c9SABONNEMENT ET DROIT DE R\u00c9VOCATION<\/strong><\/p>\n<p>En tant que propri\u00e9taire des donn\u00e9es que vous nous avez fournies, vous pouvez exercer vos droits d'acc\u00e8s, de rectification, d'annulation et d'opposition \u00e0 tout moment en nous envoyant un courrier \u00e9lectronique \u00e0 l'adresse suivante <strong>info@travesiapirenaica.com<\/strong> et en joignant une photocopie de votre carte d'identit\u00e9 comme preuve valable.<\/p>\n<p>Vous pouvez \u00e9galement vous d\u00e9sinscrire \u00e0 tout moment pour ne plus recevoir notre lettre d'information ou toute autre communication commerciale, directement \u00e0 partir de l'e-mail que vous avez re\u00e7u ou en nous envoyant un e-mail \u00e0 l'adresse suivante <strong>info@travesiapirenaica.com<\/strong>.<\/p>\n<p><strong>L'ACC\u00c8S AUX DONN\u00c9ES POUR LE COMPTE DE TIERS<\/strong><\/p>\n<p>Afin de fournir les services strictement n\u00e9cessaires au fonctionnement et au d\u00e9veloppement des activit\u00e9s de ce site web, nous vous informons que nous partageons des donn\u00e9es avec les fournisseurs de services suivants, conform\u00e9ment \u00e0 leurs conditions de confidentialit\u00e9 correspondantes.<\/p>\n<p>Vous pouvez \u00eatre assur\u00e9 que ces tiers ne peuvent pas utiliser ces informations \u00e0 des fins qui ne sont pas sp\u00e9cifiquement r\u00e9glement\u00e9es dans nos relations avec eux en vertu des lois applicables en mati\u00e8re de protection des donn\u00e9es \u00e0 caract\u00e8re personnel.<\/p>\n<p>Ce site est h\u00e9berg\u00e9 sur les serveurs de la soci\u00e9t\u00e9 <strong>1and1.co.uk<\/strong>.<br>\n1and1.es adh\u00e8re aux principes de la \"sph\u00e8re de s\u00e9curit\u00e9\" (Safe Harbor), conform\u00e9ment \u00e0 la d\u00e9cision 2000\/520\/CE de la Commission du 26 juillet 2000, ce qui en fait des entit\u00e9s b\u00e9n\u00e9ficiant d'un niveau de protection ad\u00e9quat aux fins de la LOPD.<br>\nVous pouvez consulter la politique de confidentialit\u00e9 et les autres aspects juridiques de cette entreprise sur le lien suivant : <a href=\"http:\/\/www.1and1.es\/CondicionesPrivacidad?__lf=Order&amp;linkId=ft.nav.privacypolicy\" target=\"_blank\" rel=\"noopener noreferrer\"><strong>http:\/\/www.1and1.es\/CondicionesPrivacidad?__lf=Order&amp;linkId=ft.nav.privacypolicy<\/strong><\/a><\/p>\n<p>Notre site web utilise des serveurs publicitaires afin de faciliter le contenu commercial que vous voyez sur nos pages. Ces serveurs publicitaires utilisent des cookies pour leur permettre d'adapter le contenu publicitaire aux profils d\u00e9mographiques des utilisateurs :<\/p>\n<p><strong>Google Analytics :<\/strong><br>\nGoogle Analytics est un service d'analyse du Web fourni par Google, Inc, une soci\u00e9t\u00e9 du Delaware dont le si\u00e8ge social se trouve au 1600 Amphitheatre Parkway, Mountain View (Californie), CA 94043, \u00c9tats-Unis (\"Google\").<br>\nGoogle Analytics utilise des \"cookies\", qui sont des fichiers texte plac\u00e9s sur votre ordinateur, pour aider le site internet \u00e0 analyser l'utilisation du site par ses utilisateurs.<\/p>\n<p>Les informations g\u00e9n\u00e9r\u00e9es par le cookie concernant votre utilisation du site (y compris votre adresse IP) seront transmises et stock\u00e9es par Google. Google utilisera ces informations en notre nom dans le but d'\u00e9valuer votre utilisation du site, de compiler des rapports sur l'activit\u00e9 du site \u00e0 destination de son \u00e9diteur et de fournir d'autres services relatifs \u00e0 l'activit\u00e9 du site et \u00e0 l'utilisation d'Internet.<br>\nGoogle peut \u00e9galement transf\u00e9rer ces informations \u00e0 des tiers lorsque la loi l'exige ou lorsque ces tiers traitent ces informations pour le compte de Google. Google n'associera pas votre adresse IP \u00e0 d'autres donn\u00e9es d\u00e9tenues par Google.<\/p>\n<p>En tant qu'utilisateur, et dans l'exercice de vos droits, vous pouvez refuser le traitement des donn\u00e9es ou des informations en rejetant l'utilisation de cookies en s\u00e9lectionnant les param\u00e8tres appropri\u00e9s de votre navigateur ; veuillez toutefois noter que, dans ce cas, vous ne pourrez peut-\u00eatre pas utiliser toutes les fonctionnalit\u00e9s de ce site web.<\/p>\n<p>En utilisant ce site Internet, conform\u00e9ment aux informations fournies dans la pr\u00e9sente politique de confidentialit\u00e9, vous acceptez le traitement des donn\u00e9es par Google de la mani\u00e8re et aux fins indiqu\u00e9es.<br>\nPour plus d'informations, vous pouvez consulter les r\u00e8gles de confidentialit\u00e9 de Google \u00e0 l'adresse suivante <a href=\"https:\/\/www.google.com\/intl\/es\/policies\/privacy\/\" target=\"_blank\" rel=\"noopener noreferrer\"><strong>https:\/\/www.google.com\/intl\/es\/policies\/privacy\/<\/strong><\/a>.<\/p>\n<p><strong>Google Adsense<\/strong>:<br>\nGoogle, en tant que fournisseur tiers, utilise des cookies pour diffuser des annonces sur ce site web. Vous pouvez d\u00e9sactiver l'utilisation du cookie DART en consultant les r\u00e8gles de confidentialit\u00e9 du r\u00e9seau de contenu et d'annonces de Google : <a href=\"https:\/\/www.google.com\/intl\/es\/policies\/privacy\/\" target=\"_blank\" rel=\"noopener noreferrer\"><strong>https:\/\/www.google.com\/intl\/es\/policies\/privacy\/<\/strong><\/a>.<\/p>\n<p>Google fait appel \u00e0 des partenaires publicitaires pour diffuser des annonces lorsque vous visitez notre site web. Ces soci\u00e9t\u00e9s peuvent utiliser les informations recueillies lors de vos visites sur ce site et d'autres sites (\u00e0 l'exception de votre nom, adresse, adresse e-mail ou num\u00e9ro de t\u00e9l\u00e9phone) pour vous proposer des publicit\u00e9s sur des produits et services susceptibles de vous int\u00e9resser.<br>\nEn utilisant ce site Internet, vous consentez au traitement des donn\u00e9es vous concernant par Google dans les conditions et pour les finalit\u00e9s d\u00e9crites ci-dessus.<\/p>\n<p>Pour en savoir plus sur notre utilisation des cookies et nos pratiques en mati\u00e8re de collecte d'informations, ainsi que sur les proc\u00e9dures d'acceptation ou de refus, consultez notre site web \u00e0 l'adresse suivante <a href=\"https:\/\/travesiapirenaica.com\/fr\/politique-en-matiere-de-cookies\/\" target=\"_blank\" rel=\"noopener noreferrer\"><strong>POLITIQUE EN MATI\u00c8RE DE COOKIES<\/strong><\/a>.<\/p>\n<p><strong>Sublime Skinz :<\/strong><\/p>\n<div class=\"col-md-2 col-sm-2\">Sublime Skinz, utilise des cookies pour diffuser des annonces sur ce site web.<\/div>\n<div>Pour plus d'informations, vous pouvez consulter la politique de confidentialit\u00e9 de Sublime Skinz \u00e0 l'adresse suivante&nbsp;<a href=\"https:\/\/sublimeskinz.com\/privacy-en\" target=\"_blank\" rel=\"noopener noreferrer\"><strong>https:\/\/sublimeskinz.com\/privacy-en<\/strong><\/a><\/div>\n<p><strong>LES MESURES DE S\u00c9CURIT\u00c9<\/strong><\/p>\n<p>En tant que propri\u00e9taire du site web, <strong>AHUNEMENDI<\/strong> a adopt\u00e9 toutes les mesures techniques et organisationnelles n\u00e9cessaires pour garantir la s\u00e9curit\u00e9 et l'int\u00e9grit\u00e9 des donn\u00e9es \u00e0 caract\u00e8re personnel qu'elle traite, ainsi que pour \u00e9viter leur perte, leur alt\u00e9ration et\/ou leur acc\u00e8s par des tiers non autoris\u00e9s.<\/p>\n<p>Nous vous rappelons que, pour plus d'informations, vous pouvez consulter nos pages \u00e0 l'adresse suivante <a href=\"https:\/\/travesiapirenaica.com\/fr\/avis-juridique\/\" target=\"_blank\" rel=\"noopener noreferrer\"><strong>Avis juridique<\/strong> <\/a>y <a href=\"https:\/\/travesiapirenaica.com\/fr\/politique-en-matiere-de-cookies\/\" target=\"_blank\" rel=\"noopener noreferrer\"><strong>Politique en mati\u00e8re de cookies<\/strong><\/a>.<\/p>\n\n\n<h2 class=\"wp-block-heading\">Fournisseurs de technologies publicitaires<\/h2>\n\n\n\n<p>Aarki<br>Adacado<br>Adara Media<br>ADEX<br>Adform<br>Adikteev<br>AdLedge<br>Adloox<br>Adludio<br>AdMaxim<br>Admedo<br>Admetrics<br>Adobe Advertising Cloud<br>AdTriba<br>advanced STORE GmbH<br>Adventori<br>advolution.control<br>Akamai<br>Amazon<br>Amobee<br>Analights<br>AppLovin Corp.<br>AppNexus (Xandr) Inc.<br>Arriviste<br>Ask Locala (F.K.A Fusio by S4M)<br>AudienceProjet<br>Aunica<br>Avocet<br>Flux de la banni\u00e8re<br>Basis Technologies<br>M\u00e9dias en lots<br>BDSK Handels GmbH &amp; Co. KG<br>Cire d'abeille<br>Betgenius<br>Blismedia<br>Bombora<br><a href=\"http:\/\/booking.com\/\" target=\"_blank\" rel=\"noreferrer noopener\">Booking.com<\/a><br>C3 Metrics<br>Cablato<br>Celtra<br>Cint<br>Clinch<br>Technologies de l'informatique en nuage<br>Cloudflare<br>Loi sur les commandants<br>comScore<br>Crimtan<br>Criteo<br>CUBED<br>DataXu<br>Base de donn\u00e9es de la demande<br>DENTSU<br>Dentsu Aegis Network<br>Digiseg<br>Institut DMA<br>DoubleVerify<br>Dstillery<br>Dynata<br>EASYmedia<br>eBay<br>ebuilders<br>Effinit\u00e9<br>emetriq<br>\u00c9claircir<br>Epsilon<br>Essens<br>Evidon<br>Exactag<br>Exponentiel<br>Facebook<br>Flashtalking par Mediaocean<br>M\u00e9dias fractionn\u00e9s<br>Gemius<br>GfK<br>Google<br>GP One<br>GroupM<br>gskinner<br>Haensel AMS<br>Havas Media France - DBi<br><a href=\"http:\/\/hurra.com\/\" target=\"_blank\" rel=\"noreferrer noopener\">hurra.com<\/a><br>IBM<br>Allumage 1<br>Impact<br>Am\u00e9liorer le num\u00e9rique<br>Bourse d'\u00e9change d'indices<br>Innovid<br>Science int\u00e9grale de la publicit\u00e9<br>intelliAd<br>IPONWEB<br>Jivox<br>Kantar<br>Kochava<br>LifeStreet<br>D\u00e9collage<br>LiveRamp<br>Capteur local<br>LoopMe<br>Lotame<br>Groupe Macromill<br>Magnite<br>MainADV<br><a href=\"http:\/\/manage.com\/\" target=\"_blank\" rel=\"noreferrer noopener\">G\u00e9rer.com<\/a><br>Marketing Science Consulting Group, Inc.<br>MediaMath<br>Meetrics<br>Recherche MindTake<br>Mobitrans<br>Mobpro<br>Annonces Moloco<br>MSI-ACI<br>Nano Interactive<br>Navegg<br>Groupe Neodata<br>NEORY GmbH<br>Netflix<br>Netquest<br><a href=\"http:\/\/neural.one\/\" target=\"_blank\" rel=\"noreferrer noopener\">Neural.ONE<\/a><br>Neustar<br>NextRoll, Inc.<br>Nielsen<br>en nombre<br>Partenaires objectifs<br>Groupe Omnicom Media<br>Recherche sur les appareils<br>OneTag<br>OpenX Technologies<br>Optomaton<br>Oracle Data Cloud<br>OTTO<br>P\u00c9RIODE<br>Pixalate<br>Plate-forme161<br>Primis<br>M\u00e9dias prot\u00e9g\u00e9s<br>Publicis Media<br>PubMatic<br>PulsePoint<br>Quantcast<br>Rackspace<br>Rakuten Marketing<br>Relais42<br>Remuer<br>R\u00e9solution M\u00e9dia<br>R\u00e9sonner<br>RevJet<br><a href=\"http:\/\/roq.ad\/\" target=\"_blank\" rel=\"noreferrer noopener\">Roq.ad<\/a><br>Maison RTB<br>Salesforce DMP<br>Sc\u00e9nographe<br>Scoota<br>Seenthis<br>Semasio GmbH<br>SFR<br>Sift Media<br><a href=\"http:\/\/simpli.fi\/\" target=\"_blank\" rel=\"noreferrer noopener\">Simpli.fi<\/a><br>Sizmek<br>Smaato<br>Smadex<br>Intelligent<br>Smartology<br>Sojern<br>Solocal<br>Sovrn<br>Spotad<br>STR\u00d6ER SSP GmbH<br>TabMo<br>Taboola<br>TACTIQUE<em><strong>\u2122<\/strong><\/em>\u00a0Marketing en temps r\u00e9el<br>Teads<br>TEEMO<br>Le comptoir du commerce<br>Tradedoubler AB<br>travel audience - Une soci\u00e9t\u00e9 Amadeus<br>Collectif sur les donn\u00e9es de voyage<br>TreSensa<br>TripleLift<br>TruEffect<br>TrustArc<br>UnrulyX<br>usemax (Emego GmbH)<br>Groupe Verve<br>Vid\u00e9ologie<br>Vimeo<br>Esprits virtuels<br>Vodafone GmbH<br>Waystack<br>Weborama<br>Op\u00e9rations blanches<br>Widespace<br>Wizaly<br>Yahoo<br>ZMS<\/p>","protected":false},"excerpt":{"rendered":"extrait","protected":false},"author":1,"featured_media":0,"parent":0,"menu_order":0,"comment_status":"closed","ping_status":"closed","template":"","meta":{"_kad_blocks_custom_css":"","_kad_blocks_head_custom_js":"","_kad_blocks_body_custom_js":"","_kad_blocks_footer_custom_js":"","episode_type":"","audio_file":"","podmotor_file_id":"","podmotor_episode_id":"","cover_image":"","cover_image_id":"","duration":"","filesize":"","filesize_raw":"","date_recorded":"","explicit":"","block":"","_kad_post_transparent":"","_kad_post_title":"","_kad_post_layout":"","_kad_post_sidebar_id":"","_kad_post_content_style":"","_kad_post_vertical_padding":"","_kad_post_feature":"","_kad_post_feature_position":"","_kad_post_header":false,"_kad_post_footer":false,"_kad_post_classname":"","footnotes":""},"class_list":["post-7824","page","type-page","status-publish","hentry"],"taxonomy_info":[],"featured_image_src_large":false,"author_info":{"display_name":"Traves\u00eda Pirenaica","author_link":"https:\/\/travesiapirenaica.com\/fr\/author\/travesia-pirenaica\/"},"comment_info":0,"jetpack_sharing_enabled":false,"_links":{"self":[{"href":"https:\/\/travesiapirenaica.com\/fr\/wp-json\/wp\/v2\/pages\/7824","targetHints":{"allow":["GET"]}}],"collection":[{"href":"https:\/\/travesiapirenaica.com\/fr\/wp-json\/wp\/v2\/pages"}],"about":[{"href":"https:\/\/travesiapirenaica.com\/fr\/wp-json\/wp\/v2\/types\/page"}],"author":[{"embeddable":true,"href":"https:\/\/travesiapirenaica.com\/fr\/wp-json\/wp\/v2\/users\/1"}],"replies":[{"embeddable":true,"href":"https:\/\/travesiapirenaica.com\/fr\/wp-json\/wp\/v2\/comments?post=7824"}],"version-history":[{"count":0,"href":"https:\/\/travesiapirenaica.com\/fr\/wp-json\/wp\/v2\/pages\/7824\/revisions"}],"wp:attachment":[{"href":"https:\/\/travesiapirenaica.com\/fr\/wp-json\/wp\/v2\/media?parent=7824"}],"curies":[{"name":"wp","href":"https:\/\/api.w.org\/{rel}","templated":true}]}}