{"id":7826,"date":"2018-05-24T19:42:03","date_gmt":"2018-05-24T17:42:03","guid":{"rendered":"https:\/\/travesiapirenaica.com\/?page_id=7826"},"modified":"2021-01-15T13:27:07","modified_gmt":"2021-01-15T12:27:07","slug":"politique-en-matiere-de-cookies","status":"publish","type":"page","link":"https:\/\/travesiapirenaica.com\/fr\/politica-de-cookies\/","title":{"rendered":"Politique en mati\u00e8re de cookies"},"content":{"rendered":"<p>Si vous souhaitez en savoir plus sur l'utilisation des <em>biscuits<\/em> qui fait de ce site <strong>https:\/\/travesiapirenaica.com<\/strong>vous \u00eates au bon endroit. Nous allons ici vous expliquer exactement quelles sont les <em>biscuits<\/em>Quel type de <em>biscuits<\/em> que nous utilisons et dans quel but ; et comment vous pouvez exercer votre droit de configurer les param\u00e8tres de votre navigateur et de refuser l'utilisation de l'un d'entre eux.<\/p>\n<p>Cependant, vous devez savoir que si vous d\u00e9cidez de ne pas utiliser certains d'entre eux, vous pouvez \u00eatre en mesure de <em>biscuits<\/em>Il se peut que ce site ne fonctionne pas parfaitement et que votre exp\u00e9rience d'utilisateur en soit affect\u00e9e.<\/p>\n<p><strong>QU'EST-CE QU'UN <em>COOKIE<\/em><\/strong><\/p>\n<p>A <em>biscuit<\/em> est un fichier qui est t\u00e9l\u00e9charg\u00e9 sur votre ordinateur lorsque vous acc\u00e9dez \u00e0 certains sites web ou blogs.<\/p>\n<p>Les <em>biscuits<\/em> permettent \u00e0 ce site, entre autres, de stocker et de r\u00e9cup\u00e9rer des informations sur vos habitudes de navigation ou sur votre ordinateur et, en fonction des informations qu'elles contiennent et de la mani\u00e8re dont vous utilisez votre ordinateur, elles peuvent \u00eatre utilis\u00e9es pour vous reconna\u00eetre.<\/p>\n<p>Le navigateur de l'utilisateur m\u00e9morise <em>biscuits<\/em> sur le disque dur uniquement pendant la session en cours, occupant ainsi un espace m\u00e9moire minimal et n'endommageant pas l'ordinateur. Les <em>biscuits<\/em> ne contiennent aucune information personnelle sp\u00e9cifique et la plupart d'entre elles sont supprim\u00e9es du disque dur \u00e0 la fin de la session du navigateur (ce que l'on appelle les <em>biscuits<\/em> session).<\/p>\n<p>La plupart des navigateurs acceptent comme norme le format <em>biscuits<\/em> et, ind\u00e9pendamment de cela, autoriser ou emp\u00eacher, dans les param\u00e8tres de s\u00e9curit\u00e9, la <em>biscuits<\/em> temporaire ou m\u00e9moris\u00e9e.<\/p>\n<p>Les <em>biscuits<\/em> sont associ\u00e9s au navigateur et non \u00e0 la personne, de sorte qu'ils ne stockent g\u00e9n\u00e9ralement pas d'informations sensibles vous concernant, telles que des donn\u00e9es bancaires ou de carte de cr\u00e9dit, des photographies ou des informations personnelles, etc. Les donn\u00e9es qu'ils stockent sont de nature technique, statistiques, pr\u00e9f\u00e9rences personnelles, personnalisation du contenu, etc.<\/p>\n<p><strong>L'ACCEPTATION DE LA <em>COOKIES<\/em>LA L\u00c9GISLATION : LA L\u00c9GISLATION EN VIGUEUR<\/strong><\/p>\n<p>En acc\u00e9dant \u00e0 ce site web, et conform\u00e9ment \u00e0 la l\u00e9gislation en vigueur sur la protection des donn\u00e9es, nous vous informons de l'utilisation de <em>biscuits<\/em>Vous avez la possibilit\u00e9 de les accepter express\u00e9ment et d'acc\u00e9der \u00e0 de plus amples informations par le biais de la pr\u00e9sente politique de protection de la vie priv\u00e9e. <em>Cookies<\/em>.<\/p>\n<p>Veuillez noter qu'en continuant \u00e0 naviguer sur le site, vous donnez votre consentement \u00e0 l'utilisation de ces cookies. <em>biscuits<\/em>. Toutefois, vous pouvez changer d'avis \u00e0 tout moment et bloquer leur utilisation via votre navigateur.<\/p>\n<p>Pour votre tranquillit\u00e9 d'esprit, ce site respecte la l\u00e9gislation en vigueur concernant l'utilisation des cookies. <em>biscuits<\/em> et vos donn\u00e9es personnelles :<\/p>\n<p>Le <strong>R\u00e8glement LSSI-CE (loi sur la soci\u00e9t\u00e9 de l'information et le commerce \u00e9lectronique).<\/strong><\/p>\n<p>Le <strong>GDPR (R\u00e8glement (UE) 2016\/679 du Parlement europ\u00e9en et du Conseil du 27 avril 2016 relatif \u00e0 la protection des personnes physiques)<\/strong>qui unifie la r\u00e9glementation du traitement des donn\u00e9es personnelles dans les pays de l'UE.<\/p>\n<p>La pr\u00e9sente politique <em>Cookies<\/em> peut \u00eatre modifi\u00e9e \u00e0 tout moment afin de s'adapter \u00e0 de nouvelles r\u00e9glementations ou \u00e0 des changements dans nos activit\u00e9s, \u00e9tant en vigueur celle publi\u00e9e sur le site web \u00e0 tout moment.<\/p>\n<p><strong>TYPES DE <em>COOKIES<\/em><\/strong><\/p>\n<p>Afin de vous offrir une meilleure exp\u00e9rience utilisateur, d'obtenir des donn\u00e9es analytiques, de stocker et de r\u00e9cup\u00e9rer des informations sur vos habitudes de navigation ou sur votre ordinateur et de d\u00e9velopper son activit\u00e9, ce site web <strong>https:\/\/travesiapirenaica.com<\/strong>, utilise <em>biscuits<\/em> et des tiers.<\/p>\n<p><strong>Quels sont les types de <em>biscuits<\/em> utilisez-vous ce site web ?<\/strong><\/p>\n<ul>\n<li><strong><em>Cookies<\/em> techniques<\/strong>Ce sont ceux qui permettent \u00e0 l'utilisateur de naviguer sur un site web, une plateforme ou une application et d'utiliser les diff\u00e9rentes options ou services qui y sont propos\u00e9s, comme, par exemple, le contr\u00f4le du trafic et de la communication des donn\u00e9es, l'identification de la session, l'acc\u00e8s \u00e0 des zones d'acc\u00e8s restreint, la m\u00e9morisation des \u00e9l\u00e9ments qui composent une commande, la r\u00e9alisation du processus d'achat d'une commande, la r\u00e9alisation de la demande d'inscription ou de participation \u00e0 un \u00e9v\u00e9nement, l'utilisation d'\u00e9l\u00e9ments de s\u00e9curit\u00e9 pendant la navigation, le stockage de contenus pour la diffusion de vid\u00e9os ou de sons ou le partage de contenus sur les r\u00e9seaux sociaux.<\/li>\n<li><strong><em>Cookies<\/em> de la personnalisation<\/strong>Ceux-ci permettent \u00e0 l'utilisateur d'acc\u00e9der au service avec des caract\u00e9ristiques g\u00e9n\u00e9rales pr\u00e9d\u00e9finies en fonction d'une s\u00e9rie de crit\u00e8res dans le terminal de l'utilisateur, tels que la langue, le type de navigateur utilis\u00e9 pour acc\u00e9der au service, la configuration r\u00e9gionale \u00e0 partir de laquelle on acc\u00e8de au service, etc.<\/li>\n<li><strong><em>Cookies<\/em> d'analyse<\/strong>Ce sont ceux qui sont bien trait\u00e9s par nous ou par des tiers, qui nous permettent de quantifier le nombre d'utilisateurs et de r\u00e9aliser ainsi la mesure et l'analyse statistique de l'utilisation faite par les utilisateurs du service offert. Pour ce faire, votre navigation sur notre site web est analys\u00e9e afin d'am\u00e9liorer la gamme de produits ou de services que nous proposons.<\/li>\n<li><strong><em>Cookies<\/em> publicit\u00e9<\/strong>Il s'agit des donn\u00e9es qui, trait\u00e9es par nous-m\u00eames ou par des tiers, nous permettent de g\u00e9rer au mieux l'offre d'espaces publicitaires sur le site web, en adaptant le contenu de la publicit\u00e9 au contenu du service demand\u00e9 ou \u00e0 l'utilisation que vous faites de notre site web. Pour ce faire, nous pouvons analyser vos habitudes de navigation sur Internet et vous pr\u00e9senter des publicit\u00e9s en rapport avec votre profil de navigation.<\/li>\n<li><strong><em>Cookies<\/em> de la publicit\u00e9 comportementale<\/strong>Ce sont celles qui permettent de g\u00e9rer, de la mani\u00e8re la plus efficace possible, les espaces publicitaires que, le cas \u00e9ch\u00e9ant, l'\u00e9diteur a inclus sur un site web, une application ou une plateforme \u00e0 partir desquels le service demand\u00e9 est fourni. Il s'agit <em>biscuits<\/em> stocker des informations sur le comportement des utilisateurs, obtenues gr\u00e2ce \u00e0 l'observation continue de leurs habitudes de navigation, ce qui permet de d\u00e9velopper un profil sp\u00e9cifique afin d'afficher de la publicit\u00e9 bas\u00e9e sur ce profil.<\/li>\n<li><strong><em>Cookies<\/em> des tiers<\/strong>: Ce site web<strong> https:\/\/travesiapirenaica.com<\/strong> peut utiliser des services tiers qui, au nom de Google, collectent des informations \u00e0 des fins statistiques, sur l'utilisation du site par l'utilisateur et pour la fourniture d'autres services li\u00e9s \u00e0 l'activit\u00e9 du site et d'autres services Internet.<\/li>\n<\/ul>\n<p>Ce site utilise notamment Google Analytics, un service d'analyse de site internet fourni par Google, Inc. dont le si\u00e8ge social se trouve \u00e0 1600 Amphitheatre Parkway, Mountain View, Californie 94043. Pour fournir ces services, Google utilise <em>biscuits<\/em> qui collectent les informations, y compris l'adresse IP de l'utilisateur, qui seront transmises, trait\u00e9es et stock\u00e9es par Google dans les conditions d\u00e9crites sur le site Google.com. Ceci inclut la transmission \u00e9ventuelle de ces informations \u00e0 des tiers pour des raisons l\u00e9gales ou lorsque ces tiers traitent les informations pour le compte de Google.<\/p>\n<p><strong>G\u00c9RER ET REFUSER L'UTILISATION DE <em>COOKIES<\/em><\/strong><\/p>\n<p>\u00c0 tout moment, vous pouvez adapter les param\u00e8tres de votre navigateur pour g\u00e9rer, interdire l'utilisation de <em>biscuits<\/em> et d'\u00eatre pr\u00e9venu avant qu'ils ne soient t\u00e9l\u00e9charg\u00e9s.<\/p>\n<p>Vous pouvez \u00e9galement adapter les param\u00e8tres de mani\u00e8re \u00e0 ce que le navigateur rejette toutes les demandes d'information. <em>biscuits<\/em>ou seulement le <em>biscuits<\/em> de tiers. Vous pouvez \u00e9galement supprimer n'importe quelle <em>biscuits<\/em> qui font d\u00e9j\u00e0 partie de votre \u00e9quipe.<\/p>\n<p>Pour ce faire, vous devez garder \u00e0 l'esprit que vous devrez adapter la configuration de chaque navigateur et de chaque appareil que vous utilisez s\u00e9par\u00e9ment, car, comme nous l'avons mentionn\u00e9 plus haut, l'option <em>biscuits<\/em> sont associ\u00e9s au navigateur et non \u00e0 la personne.<\/p>\n<p><strong>Google Chrome<\/strong> <a href=\"https:\/\/support.google.com\/chrome\/answer\/95647?hl=es-419\" target=\"_blank\" rel=\"noopener noreferrer\">https:\/\/support.google.com\/chrome\/answer\/95647?hl=es-419<\/a><\/p>\n<p><strong>Internet Explorer<\/strong>\u00a0<a href=\"https:\/\/support.microsoft.com\/es-es\/help\/17442\/windows-internet-explorer-delete-manage-cookies#ie=ie-10\" target=\"_blank\" rel=\"noopener noreferrer\">https:\/\/support.microsoft.com\/es-es\/help\/17442\/windows-internet-explorer-delete-manage-cookies#ie=ie-10<\/a><\/p>\n<p><strong>Mozilla Firefox<\/strong><a href=\"https:\/\/support.mozilla.org\/es\/kb\/habilitar-y-deshabilitar-cookies-sitios-web-rastrear-preferencias?redirectlocale=es&amp;redirectslug=habilitar-y-deshabilitar-cookies-que-los-sitios-we\" target=\"_blank\" rel=\"noopener noreferrer\">https:\/\/support.mozilla.org\/es\/kb\/habilitar-y-deshabilitar-cookies-sitios-web-rastrear-preferencias?redirectlocale=es&amp;redirectslug=habilitar-y-deshabilitar-cookies-que-los-sitios-we<\/a><\/p>\n<p><strong>Apple Safari<\/strong> <a href=\"https:\/\/support.apple.com\/es-es\/HT201265\" target=\"_blank\" rel=\"noopener noreferrer\">https:\/\/support.apple.com\/es-es\/HT201265<\/a><br \/>\nSi vous avez des questions concernant la pr\u00e9sente politique de protection de la vie priv\u00e9e <em>Cookies<\/em>Vous pouvez nous contacter en nous envoyant un courriel \u00e0 l'adresse suivante <a href=\"mailto:info@travesiapirenaica.com\" target=\"_blank\" rel=\"noopener noreferrer\">info@travesiapirenaica.com<\/a>.<\/p>\n<p>Nous vous rappelons que, pour plus d'informations, vous pouvez consulter nos pages \u00e0 l'adresse suivante <a href=\"https:\/\/travesiapirenaica.com\/fr\/avis-juridique\/\" target=\"_blank\" rel=\"noopener noreferrer\"><strong>Avis juridique<\/strong> <\/a>y <a href=\"https:\/\/travesiapirenaica.com\/fr\/politique-de-confidentialite\/\" target=\"_blank\" rel=\"noopener noreferrer\"><strong>Politique de confidentialit\u00e9<\/strong><\/a>.<\/p>","protected":false},"excerpt":{"rendered":"extrait","protected":false},"author":1,"featured_media":0,"parent":0,"menu_order":0,"comment_status":"closed","ping_status":"closed","template":"","meta":{"_kad_blocks_custom_css":"","_kad_blocks_head_custom_js":"","_kad_blocks_body_custom_js":"","_kad_blocks_footer_custom_js":"","episode_type":"","audio_file":"","podmotor_file_id":"","podmotor_episode_id":"","cover_image":"","cover_image_id":"","duration":"","filesize":"","filesize_raw":"","date_recorded":"","explicit":"","block":"","_kad_post_transparent":"","_kad_post_title":"","_kad_post_layout":"","_kad_post_sidebar_id":"","_kad_post_content_style":"","_kad_post_vertical_padding":"","_kad_post_feature":"","_kad_post_feature_position":"","_kad_post_header":false,"_kad_post_footer":false,"_kad_post_classname":"","footnotes":""},"class_list":["post-7826","page","type-page","status-publish","hentry"],"taxonomy_info":[],"featured_image_src_large":false,"author_info":{"display_name":"Traves\u00eda Pirenaica","author_link":"https:\/\/travesiapirenaica.com\/fr\/author\/travesia-pirenaica\/"},"comment_info":0,"jetpack_sharing_enabled":false,"_links":{"self":[{"href":"https:\/\/travesiapirenaica.com\/fr\/wp-json\/wp\/v2\/pages\/7826","targetHints":{"allow":["GET"]}}],"collection":[{"href":"https:\/\/travesiapirenaica.com\/fr\/wp-json\/wp\/v2\/pages"}],"about":[{"href":"https:\/\/travesiapirenaica.com\/fr\/wp-json\/wp\/v2\/types\/page"}],"author":[{"embeddable":true,"href":"https:\/\/travesiapirenaica.com\/fr\/wp-json\/wp\/v2\/users\/1"}],"replies":[{"embeddable":true,"href":"https:\/\/travesiapirenaica.com\/fr\/wp-json\/wp\/v2\/comments?post=7826"}],"version-history":[{"count":0,"href":"https:\/\/travesiapirenaica.com\/fr\/wp-json\/wp\/v2\/pages\/7826\/revisions"}],"wp:attachment":[{"href":"https:\/\/travesiapirenaica.com\/fr\/wp-json\/wp\/v2\/media?parent=7826"}],"curies":[{"name":"wp","href":"https:\/\/api.w.org\/{rel}","templated":true}]}}