{"id":7828,"date":"2018-05-24T19:42:39","date_gmt":"2018-05-24T17:42:39","guid":{"rendered":"https:\/\/travesiapirenaica.com\/?page_id=7828"},"modified":"2021-01-15T13:27:12","modified_gmt":"2021-01-15T12:27:12","slug":"avis-juridique","status":"publish","type":"page","link":"https:\/\/travesiapirenaica.com\/fr\/aviso-legal\/","title":{"rendered":"Avis juridique"},"content":{"rendered":"<p>Le pr\u00e9sent avis juridique a pour objet de vous informer de vos droits et obligations en tant qu'utilisateur de ce site web. Vous y trouverez toutes les informations n\u00e9cessaires sur ce site, son activit\u00e9, les donn\u00e9es personnelles qu'il recueille et sa finalit\u00e9, ainsi que les r\u00e8gles d'utilisation qui r\u00e9gissent l'utilisation de ce site.<\/p>\n<p>Au moment o\u00f9 vous acc\u00e9dez \u00e0 ce site web <strong>https:\/\/travesiapirenaica.com<\/strong>vous assumez la condition d'utilisateur, de sorte que le contenu de ces mentions l\u00e9gales vous concerne directement. Il est donc important que vous le lisiez afin de dissiper tout doute \u00e9ventuel et de conna\u00eetre les conditions que vous acceptez.<\/p>\n<p>Tout d'abord, sachez que ce site respecte la r\u00e9glementation en vigueur en mati\u00e8re de protection des donn\u00e9es, dans le but de vous offrir les garanties, la s\u00e9curit\u00e9 et la transparence auxquelles vous avez droit, en tant qu'utilisateur, lorsque vous utilisez ce site.<\/p>\n<p>Le <strong>GDPR (R\u00e8glement (UE) 2016\/679 du Parlement europ\u00e9en et du Conseil du 27 avril 2016 relatif \u00e0 la protection des personnes physiques)<\/strong> qui est le nouveau r\u00e8glement de l'Union europ\u00e9enne qui unifie la r\u00e9glementation du traitement des donn\u00e9es personnelles dans les diff\u00e9rents pays de l'UE.<\/p>\n<p>Les<strong> LOPD (Ley Org\u00e1nica 15\/1999, de 13 de diciembre, de Protecci\u00f3n de Datos de Car\u00e1cter Personal y Real Decreto 1720\/2007, de 21 de diciembre, el Reglamento de desarrollo de la LOPD).<\/strong> qui r\u00e9glemente le traitement des donn\u00e9es \u00e0 caract\u00e8re personnel et les obligations que les responsables d'un site web ou d'un blog doivent assumer dans la gestion de ces informations.<\/p>\n<p>Les <strong>LSSI (loi 34\/2002, du 11 juillet, sur les services de la soci\u00e9t\u00e9 de l'information et le commerce \u00e9lectronique).<\/strong> qui r\u00e9glemente les transactions \u00e9conomiques par voie \u00e9lectronique, comme c'est le cas pour ce site web.<\/p>\n<p><strong>DONN\u00c9ES D'IDENTIFICATION<\/strong><\/p>\n<p>Le responsable et propri\u00e9taire de ce site web est ASOCIACI\u00d3N AHUNEMENDI (ci-apr\u00e8s \"ASOCIACI\u00d3N AHUNEMENDI\"). <strong>AHUNEMENDI<\/strong>)<\/p>\n<ul>\n<li><strong>Nom<\/strong>ASSOCIATION AHUNEMENDI<\/li>\n<li><strong>FNI<\/strong>: G71175467<\/li>\n<li><strong>Si\u00e8ge social<\/strong>C\/ Valdeall\u00edn n\u00ba7 3\u00baI 31200 Estella (Navarra) ESPAGNE<\/li>\n<li><strong>Activit\u00e9 du site web<\/strong>Diffusion de contenus li\u00e9s aux Pyr\u00e9n\u00e9es, \u00e0 la montagne, \u00e0 l'aventure et au voyage (https:\/\/travesiapirenaica.com), affichage de publicit\u00e9s et recommandation de produits affili\u00e9s.<\/li>\n<li><strong>Adresse \u00e9lectronique<\/strong>: <a href=\"mailto:info@travesiapirenaica.com\" target=\"_blank\" rel=\"noopener\">info@travesiapirenaica.com<\/a><\/li>\n<\/ul>\n<p>Les donn\u00e9es que vous nous fournissez avec votre consentement, et conform\u00e9ment \u00e0 l'utilisation \u00e9tablie dans notre politique de confidentialit\u00e9, seront incorpor\u00e9es dans un fichier automatis\u00e9 d\u00fbment enregistr\u00e9 aupr\u00e8s de l'Agence espagnole de protection des donn\u00e9es, dont le responsable est le suivant : <strong>AHUNEMENDI<\/strong>. Cela signifie que vos donn\u00e9es sont s\u00e9curis\u00e9es, conform\u00e9ment \u00e0 la loi.<\/p>\n<p><strong>R\u00c8GLES D'ACC\u00c8S AU SITE WEB<\/strong><\/p>\n<p>En tant qu'utilisateur de notre site web, vous avez \u00e9galement un certain nombre d'obligations :<br \/>\nVous ne pouvez pas utiliser ce site web pour mener des activit\u00e9s contraires \u00e0 la loi, \u00e0 la morale, \u00e0 l'ordre public et, en g\u00e9n\u00e9ral, pour l'utiliser conform\u00e9ment aux conditions \u00e9nonc\u00e9es dans le pr\u00e9sent avis juridique.<\/p>\n<p>Il est interdit de faire de la publicit\u00e9 ou de l'exploitation commerciale en envoyant des messages sous une fausse identit\u00e9.<\/p>\n<p>Vous \u00eates seul responsable de la v\u00e9racit\u00e9 et de l'exactitude du contenu que vous saisissez sur ce site web et des donn\u00e9es personnelles que vous fournissez aux fins \u00e9nonc\u00e9es dans notre politique de confidentialit\u00e9.<\/p>\n<p>Vous serez \u00e9galement seul responsable de l'ex\u00e9cution de tout type d'action ill\u00e9gale, nuisible, pr\u00e9judiciable et\/ou dommageable sur les sites de tiers vers lesquels nous pourrions vous renvoyer \u00e0 partir de ce site web pour le d\u00e9veloppement de notre activit\u00e9.<\/p>\n<p>En tant que responsable du site web, <strong>AHUNEMENDI<\/strong> pourra interrompre le service de la page utilis\u00e9e par l'utilisateur et mettre fin imm\u00e9diatement \u00e0 la relation si elle d\u00e9tecte une utilisation du site web ou de l'un des services qui y sont offerts qui peut \u00eatre consid\u00e9r\u00e9e comme contraire \u00e0 ce qui est exprim\u00e9 dans le pr\u00e9sent avis juridique.<\/p>\n<p><strong>PROPRI\u00c9T\u00c9 INTELLECTUELLE ET INDUSTRIELLE<\/strong><\/p>\n<p>L'ensemble de ce site web (textes, images, marques, graphiques, logos, boutons, fichiers logiciels, combinaisons de couleurs, ainsi que la structure, la s\u00e9lection, l'arrangement et la pr\u00e9sentation de son contenu) est prot\u00e9g\u00e9 par les lois sur la propri\u00e9t\u00e9 intellectuelle et industrielle en vigueur, et sa reproduction, sa distribution, sa communication publique et sa transformation sont interdites, \u00e0 l'exception d'un usage personnel et priv\u00e9.<\/p>\n<p>En tant que propri\u00e9taire de ce site web, <strong>AHUNEMENDI<\/strong> ne garantit pas que le contenu est exact ou exempt d'erreurs, ni que la libre utilisation du contenu par les utilisateurs n'enfreindra pas les droits de tiers. L'utilisation ou la mauvaise utilisation de ce site et de son contenu rel\u00e8ve de la responsabilit\u00e9 de l'utilisateur.<br \/>\nDe m\u00eame, la reproduction, la retransmission, la copie, le transfert ou la rediffusion, en tout ou en partie, des informations contenues dans le site, \u00e0 quelque fin que ce soit et par quelque moyen que ce soit, sont interdits sans l'autorisation pr\u00e9alable de <strong>AHUNEMENDI<\/strong>.<\/p>\n<p><strong>LIENS<\/strong><\/p>\n<p>Ce site web comprend des liens vers des sites de tiers. Les pages appartenant \u00e0 ces tiers n'ont pas \u00e9t\u00e9 examin\u00e9es et ne sont pas v\u00e9rifi\u00e9es par nous, et nous ne les contr\u00f4lons donc pas. <strong>AHUNEMENDI<\/strong> n'est pas responsable du contenu de ces sites, ni des mesures prises en ce qui concerne votre vie priv\u00e9e ou le traitement de vos donn\u00e9es personnelles ou de toute autre donn\u00e9e qui pourrait en d\u00e9couler.<\/p>\n<p>Nous vous recommandons donc de lire attentivement les conditions d'utilisation, la politique de confidentialit\u00e9, les avis juridiques et\/ou les avis similaires de ces sites.<\/p>\n<p><strong>LIENS AFFILI\u00c9S<\/strong><\/p>\n<p>Ce site, conform\u00e9ment \u00e0 son objet, utilise des liens d'affiliation d'Amazon et d'autres plateformes (Awin Group, Zanox, etc.).<br \/>\nCela signifie que vous trouverez des liens vers des produits auxquels vous pouvez acc\u00e9der directement \u00e0 partir de notre site web mais que, le cas \u00e9ch\u00e9ant, vous ach\u00e8terez aupr\u00e8s d'Amazon ou d'autres plateformes web, selon leurs propres conditions g\u00e9n\u00e9rales \u00e0 ce moment-l\u00e0.<\/p>\n<p><strong>LIMITATION DE LA RESPONSABILIT\u00c9<\/strong><\/p>\n<p>Dans l'exercice de votre droit en tant que propri\u00e9taire de ce site web, nous vous informons que <strong>AHUNEMENDI<\/strong> n'est en aucun cas responsable de ce qui suit :<\/p>\n<p>La qualit\u00e9 du service, la rapidit\u00e9 d'acc\u00e8s, le bon fonctionnement et la disponibilit\u00e9 et la continuit\u00e9 du fonctionnement du site.<\/p>\n<p>l'existence de virus, de logiciels malveillants, de programmes malveillants ou nuisibles dans le contenu.<br \/>\nUtilisation ill\u00e9gale, n\u00e9gligente, frauduleuse ou contraire aux pr\u00e9sentes mentions l\u00e9gales.<br \/>\nle manque de l\u00e9galit\u00e9, de qualit\u00e9, de fiabilit\u00e9, d'utilit\u00e9 et de disponibilit\u00e9 des services fournis par des tiers et mis \u00e0 la disposition des utilisateurs sur ce site web.<br \/>\nPour les dommages pouvant r\u00e9sulter de l'utilisation ill\u00e9gale ou inappropri\u00e9e de ce site web.<\/p>\n<p><strong>POLITIQUE DE CONFIDENTIALIT\u00c9 ET DE PROTECTION DES DONN\u00c9ES<\/strong><\/p>\n<p>Ce site Web est conforme \u00e0 la l\u00e9gislation en vigueur en mati\u00e8re de protection des donn\u00e9es, ce qui signifie qu'en tant qu'utilisateur, vous devez donner votre consentement expr\u00e8s avant de nous fournir des donn\u00e9es personnelles par le biais des diff\u00e9rents formulaires mis \u00e0 disposition dans les sections de notre site Web.<br \/>\n\u00c0 cette fin, dans un souci de transparence et d'exercice de vos droits, il est de notre devoir de vous informer sur les donn\u00e9es \u00e0 caract\u00e8re personnel que nous collectons, conservons et traitons et \u00e0 quelles fins, et vous avez la possibilit\u00e9 \u00e0 tout moment de r\u00e9voquer librement votre consentement.<\/p>\n<p>Toutes ces informations sont disponibles dans notre<a href=\"https:\/\/travesiapirenaica.com\/fr\/politique-de-confidentialite\/\" target=\"_blank\" rel=\"noopener\"><strong> POLITIQUE DE CONFIDENTIALIT\u00c9<\/strong><\/a>.<\/p>\n<p><strong>POLITIQUE EN MATI\u00c8RE DE COOKIES<\/strong><\/p>\n<p>Comme nous vous en informons d\u00e8s que vous acc\u00e9dez \u00e0 notre site, celui-ci utilise des cookies propres et de tiers afin de vous offrir la meilleure exp\u00e9rience d'utilisation et de d\u00e9velopper notre activit\u00e9.<br \/>\nA tout moment, vous aurez la possibilit\u00e9 de configurer votre navigateur pour refuser l'utilisation de ces cookies qui, dans certains cas, affecteront votre exp\u00e9rience d'utilisateur.<br \/>\nPour obtenir des informations compl\u00e8tes sur l'utilisation des cookies sur ce site web, leur objectif et leur rejet, veuillez consulter notre site web \u00e0 l'adresse suivante <a href=\"https:\/\/travesiapirenaica.com\/fr\/politique-en-matiere-de-cookies\/\" target=\"_blank\" rel=\"noopener\"><strong>POLITIQUE EN MATI\u00c8RE DE COOKIES<\/strong><\/a>.<\/p>\n<p><strong>DROIT APPLICABLE ET JURIDICTION COMP\u00c9TENTE<\/strong><\/p>\n<p>Le pr\u00e9sent avis juridique est soumis \u00e0 la l\u00e9gislation espagnole en vigueur.<br \/>\nLe cas \u00e9ch\u00e9ant, en cas de litige juridique, <strong>AHUNEMENDI<\/strong> et l'utilisateur, renon\u00e7ant express\u00e9ment \u00e0 toute autre juridiction, se soumettront aux cours et tribunaux du domicile de l'utilisateur pour tout litige \u00e9ventuel.<br \/>\nDans le cas o\u00f9 l'utilisateur est domicili\u00e9 en dehors de l'Espagne, <strong>AHUNEMENDI<\/strong> et l'utilisateur se soumet, en renon\u00e7ant express\u00e9ment \u00e0 toute autre juridiction, aux cours et tribunaux de Pampelune (Espagne).<br \/>\nSi vous avez des questions concernant ces mentions l\u00e9gales, vous pouvez nous envoyer un courrier \u00e9lectronique \u00e0 l'adresse suivante <a href=\"mailto:info@travesiapirenaica.com\" target=\"_blank\" rel=\"noopener\">info@travesiapirenaica.com<\/a>.<\/p>\n<p>Nous vous rappelons que, pour plus d'informations, vous pouvez consulter nos pages \u00e0 l'adresse suivante <a href=\"https:\/\/travesiapirenaica.com\/fr\/politique-de-confidentialite\/\" target=\"_blank\" rel=\"noopener\"><strong>Politique de confidentialit\u00e9<\/strong><\/a>\u00a0y <a href=\"https:\/\/travesiapirenaica.com\/fr\/politique-en-matiere-de-cookies\/\" target=\"_blank\" rel=\"noopener\"><strong>Politique en mati\u00e8re de cookies<\/strong><\/a>.<\/p>","protected":false},"excerpt":{"rendered":"extrait","protected":false},"author":1,"featured_media":0,"parent":0,"menu_order":0,"comment_status":"closed","ping_status":"closed","template":"","meta":{"_kad_blocks_custom_css":"","_kad_blocks_head_custom_js":"","_kad_blocks_body_custom_js":"","_kad_blocks_footer_custom_js":"","episode_type":"","audio_file":"","podmotor_file_id":"","podmotor_episode_id":"","cover_image":"","cover_image_id":"","duration":"","filesize":"","filesize_raw":"","date_recorded":"","explicit":"","block":"","_kad_post_transparent":"","_kad_post_title":"","_kad_post_layout":"","_kad_post_sidebar_id":"","_kad_post_content_style":"","_kad_post_vertical_padding":"","_kad_post_feature":"","_kad_post_feature_position":"","_kad_post_header":false,"_kad_post_footer":false,"_kad_post_classname":"","footnotes":""},"class_list":["post-7828","page","type-page","status-publish","hentry"],"taxonomy_info":[],"featured_image_src_large":false,"author_info":{"display_name":"Traves\u00eda Pirenaica","author_link":"https:\/\/travesiapirenaica.com\/fr\/author\/travesia-pirenaica\/"},"comment_info":0,"jetpack_sharing_enabled":false,"_links":{"self":[{"href":"https:\/\/travesiapirenaica.com\/fr\/wp-json\/wp\/v2\/pages\/7828","targetHints":{"allow":["GET"]}}],"collection":[{"href":"https:\/\/travesiapirenaica.com\/fr\/wp-json\/wp\/v2\/pages"}],"about":[{"href":"https:\/\/travesiapirenaica.com\/fr\/wp-json\/wp\/v2\/types\/page"}],"author":[{"embeddable":true,"href":"https:\/\/travesiapirenaica.com\/fr\/wp-json\/wp\/v2\/users\/1"}],"replies":[{"embeddable":true,"href":"https:\/\/travesiapirenaica.com\/fr\/wp-json\/wp\/v2\/comments?post=7828"}],"version-history":[{"count":0,"href":"https:\/\/travesiapirenaica.com\/fr\/wp-json\/wp\/v2\/pages\/7828\/revisions"}],"wp:attachment":[{"href":"https:\/\/travesiapirenaica.com\/fr\/wp-json\/wp\/v2\/media?parent=7828"}],"curies":[{"name":"wp","href":"https:\/\/api.w.org\/{rel}","templated":true}]}}