{"id":41721,"date":"2024-06-03T11:38:45","date_gmt":"2024-06-03T09:38:45","guid":{"rendered":"https:\/\/travesiapirenaica.com\/?post_type=product&#038;p=41721"},"modified":"2026-02-24T17:53:22","modified_gmt":"2026-02-24T16:53:22","slug":"gr-11-pistes-etapes","status":"publish","type":"product","link":"https:\/\/travesiapirenaica.com\/fr\/producto\/gr-11-tracks-etapas\/","title":{"rendered":"GR 11 pistes \u00e9tapes"},"content":{"rendered":"<h2><span class=\"OYPEnA text-decoration-none text-strikethrough-none\">61 fichiers GPX d'\u00e9tapes et de variantes<\/span><\/h2>\n<p>Ce t\u00e9l\u00e9chargement a \u00e9t\u00e9 cr\u00e9\u00e9 par Traves\u00eda Pirenaica. Toutes les pistes incluses ont \u00e9t\u00e9 soigneusement travaill\u00e9es, s\u00e9lectionn\u00e9es et r\u00e9vis\u00e9es afin d'offrir la meilleure exp\u00e9rience possible et la plus grande utilit\u00e9 aux utilisateurs.<\/p>\n<p>Liste des pistes<br \/>\n--------<br \/>\nGPX Prologue : Cap Higuer - Hondarribia - Irun<br \/>\nGPX Etape 1 : Cap Higuer - Bera<br \/>\nGPX \u00c9tape 1v (GR 11.3) : Cap Higuer - Lesaka<br \/>\nGPX Etape 2 : Bera - Elizondo<br \/>\nGPX Etape 2v (GR 11.3) : Lesaka - Elizondo<br \/>\nGPX Etape 3 : Elizondo - Pto de Urkiaga<br \/>\nGPX Etape 4 : Col d'Urkiaga - Burguete<br \/>\nGPX \u00c9tape 5 : Burguete\/Auritz - Villanueva de Aezcoa\/Hiriberri<br \/>\nGPX Etape 6 : Villanueva de Aezcoa\/Hiriberri - Ochagavia<br \/>\nGPX Etape 7 : Ochagavia - Isaba<br \/>\nGPX \u00c9tape 8 : Isaba - Zuriza (via Belabarce)<br \/>\nGPX Etape 8v (GR 11.4) : Isaba - Zuriza (via Ezkaurre)<br \/>\nGPX \u00c9tape 9 : Zuriza - Aguas Tuertas<br \/>\nGPX \u00c9tape 10 : Aguas Tuertas - Lizara<br \/>\nGPX Etape 10 (d\u00e9shomologu\u00e9e) : Aguas Tuertas - Candanch\u00fa<br \/>\nGPX Etape 11 : Lizara - Candanch\u00fa<br \/>\nGPX \u00c9tape 12 : Candanch\u00fa - Sallent de Gallego<br \/>\nGPX \u00c9tape 9v (GR 11.1) : Zuriza - Puente de Santa Ana<br \/>\nGPX \u00c9tape 10v (GR 11.1) : Pont de Santa Ana - Lizara<br \/>\nGPX \u00c9tape 11v (GR 11.1) : Lizara - Station Canfranc<br \/>\nGPX Etape 12v : Gare de Canfranc - Sallent de Gallego (via C.Izas)<br \/>\nGPX Etape 13 : Sallent de Gallego - Refuge Respomuso<br \/>\nGPX Etape 14 : Refugio de Respomuso - Balneario de Panticosa<br \/>\nRaccourci GPX : Tuyau de Bachima\u00f1a \u00e0 Brazato<br \/>\nGPX \u00c9tape 15 : Balneario de Panticosa - San Nicolas de Bujaruelo<br \/>\nGPX \u00c9tape 16 : San Nicolas de Bujaruelo - Goriz Hut<br \/>\nGPX \u00c9tape 17 : G\u00f3riz - Pineta (Fuenblanca)<br \/>\nGPX \u00c9tape 17v (GR 11.9) : G\u00f3riz - Pineta (Faja de las Olas)<br \/>\nGPX \u00c9tape 18 : Circo de Pineta - Parz\u00e1n<br \/>\nGPX \u00c9tape 19 : Parz\u00e1n - Biad\u00f3s<br \/>\nGPX \u00c9tape 20 : Biad\u00f3s - Pont de San Jaime<br \/>\nGPX Stage 20v (GR 11.2) : Biad\u00f3s - R\u00e9f. \u00c1ngel Or\u00fas<br \/>\nGPX \u00c9tape 21v (GR 11.2) : Ref. Angel Or\u00fas - Pont de San Jaime<br \/>\nGPX Etape 21 : Pont de Sant Jaume - Cabane du Cap de Llauset<br \/>\nGPX Etape 21v (GR 11.5) : Pont de San Jaime - Refuge de la Renclusa<br \/>\nGPX Etape 22v (GR 11.5) : Refuge de la Renclusa - Refuge du Cap de Llauset<br \/>\nGPX Etape 22 : R\u00e9f. Cap de LLauset - Conangles<br \/>\nGPX Etape 23 : Conangles - La Restanca<br \/>\nGPX Stage 24v (GR11.18) : La Restanca - Colomers<br \/>\nGPX \u00c9tape 25 : Colomers - Ernest Mallafr\u00e9<br \/>\nGPX Etape 26 : Ernest Mallafr\u00e9 - La Guingueta<br \/>\nGPX \u00c9tape 27 : La Guingueta - Esta\u00f3n<br \/>\nGPX \u00c9tape 28 : Esta\u00f3n - Tavasc\u00e1n<br \/>\nGPX \u00c9tape 29 : Tavasc\u00e1n - Areu<br \/>\nGPX Etape 30 : Areu - Baiau<br \/>\nGPX Etape 31 : Baiau - Arans<br \/>\nGPX Etape 32 : Arans - Encamp<br \/>\nGPX Etape 33 : Encamp - Ref. l'Illa<br \/>\nGPX Etape 34 : Ref. l'Illa - Malniu<br \/>\nGPX \u00c9tape 35 : Malniu - Puigcerd\u00e1<br \/>\nGPX Etape 36 : Puigcerd\u00e1 - Planoles<br \/>\nGPX Etape 37 : Planoles - Sanctuaire de Nuria<br \/>\nGPX Etape 38 : Sanctuaire de Nuria - Refuge d'Ulldeter<br \/>\nGPX Etape 39 : Refuge d'Ulldeter - Moll\u00f3<br \/>\nGPX \u00c9tape 40 : Moll\u00f3 - Talaix\u00e0<br \/>\nGPX \u00c9tape 41 : Talaix\u00e0 - Albany\u00e0<br \/>\nGPX Etape 42 : Albany\u00e0 - La Vajol<br \/>\nGPX Etape 43 : La Vajol - Requessens<br \/>\nGPX \u00c9tape 44 : Requessens - Vilamaniscle<br \/>\nGPX Etape 45 : Vilamaniscle - El Port de la Selva<br \/>\nGPX Etape 46 : El Port de la Selva - Cap de Creus<\/p>","protected":false},"excerpt":{"rendered":"extrait","protected":false},"featured_media":41727,"comment_status":"closed","ping_status":"closed","template":"","meta":{"_kad_blocks_custom_css":"","_kad_blocks_head_custom_js":"","_kad_blocks_body_custom_js":"","_kad_blocks_footer_custom_js":"","episode_type":"","audio_file":"","podmotor_file_id":"","podmotor_episode_id":"","cover_image":"","cover_image_id":"","duration":"","filesize":"","filesize_raw":"","date_recorded":"","explicit":"","block":"","_kad_post_transparent":"default","_kad_post_title":"","_kad_post_layout":"default","_kad_post_sidebar_id":"","_kad_post_content_style":"default","_kad_post_vertical_padding":"default","_kad_post_feature":"","_kad_post_feature_position":"","_kad_post_header":false,"_kad_post_footer":false,"_kad_post_classname":""},"product_brand":[],"product_cat":[3198],"product_tag":[],"class_list":{"0":"post-41721","1":"product","2":"type-product","3":"status-publish","4":"has-post-thumbnail","6":"product_cat-tracks","7":"member-discount","8":"discount-restricted","10":"first","11":"instock","12":"sale","13":"downloadable","14":"virtual","15":"taxable","16":"purchasable","17":"product-type-simple","18":"entry","19":"content-bg","20":"loop-entry"},"taxonomy_info":{"product_cat":[{"value":3198,"label":"Tracks"}]},"featured_image_src_large":["https:\/\/travesiapirenaica.com\/wp-content\/uploads\/2024\/06\/gr-11-tracks-etapas_1.jpg",1000,1000,false],"author_info":[],"comment_info":0,"jetpack_sharing_enabled":true,"_links":{"self":[{"href":"https:\/\/travesiapirenaica.com\/fr\/wp-json\/wp\/v2\/product\/41721","targetHints":{"allow":["GET"]}}],"collection":[{"href":"https:\/\/travesiapirenaica.com\/fr\/wp-json\/wp\/v2\/product"}],"about":[{"href":"https:\/\/travesiapirenaica.com\/fr\/wp-json\/wp\/v2\/types\/product"}],"replies":[{"embeddable":true,"href":"https:\/\/travesiapirenaica.com\/fr\/wp-json\/wp\/v2\/comments?post=41721"}],"wp:featuredmedia":[{"embeddable":true,"href":"https:\/\/travesiapirenaica.com\/fr\/wp-json\/wp\/v2\/media\/41727"}],"wp:attachment":[{"href":"https:\/\/travesiapirenaica.com\/fr\/wp-json\/wp\/v2\/media?parent=41721"}],"wp:term":[{"taxonomy":"product_brand","embeddable":true,"href":"https:\/\/travesiapirenaica.com\/fr\/wp-json\/wp\/v2\/product_brand?post=41721"},{"taxonomy":"product_cat","embeddable":true,"href":"https:\/\/travesiapirenaica.com\/fr\/wp-json\/wp\/v2\/product_cat?post=41721"},{"taxonomy":"product_tag","embeddable":true,"href":"https:\/\/travesiapirenaica.com\/fr\/wp-json\/wp\/v2\/product_tag?post=41721"}],"curies":[{"name":"wp","href":"https:\/\/api.w.org\/{rel}","templated":true}]}}