{"id":42037,"date":"2024-06-07T12:06:31","date_gmt":"2024-06-07T10:06:31","guid":{"rendered":"https:\/\/travesiapirenaica.com\/?post_type=product&#038;p=42037"},"modified":"2025-02-23T21:26:27","modified_gmt":"2025-02-23T20:26:27","slug":"gr-10-etapes-de-la-voie-francaise","status":"publish","type":"product","link":"https:\/\/travesiapirenaica.com\/fr\/producto\/gr-10-frances-tracks-etapas\/","title":{"rendered":"GR 10 \u00c9tapes des pistes fran\u00e7aises"},"content":{"rendered":"<h2><span class=\"OYPEnA text-decoration-none text-strikethrough-none\">42 fichiers GPX avec toutes les \u00e9tapes\u00a0<\/span><\/h2>\n<p>Ce t\u00e9l\u00e9chargement a \u00e9t\u00e9 cr\u00e9\u00e9 par Traves\u00eda Pirenaica. Toutes les pistes incluses ont \u00e9t\u00e9 soigneusement travaill\u00e9es, s\u00e9lectionn\u00e9es et r\u00e9vis\u00e9es afin d'offrir la meilleure exp\u00e9rience possible et la plus grande utilit\u00e9 aux utilisateurs.<\/p>\n<p>Liste des pistes<br \/>\n--------<br \/>\nGPX Etape 1 : Banyuls de la Marenda - Coll de l'Ullat<br \/>\nGPX Etape 2 : Coll de l'Ullat - Las Illas<br \/>\nGPX Etape 3 : Las Illas - La Palette<br \/>\nGPX Etape 4 : La Palette - Mas Vigorats<br \/>\nGPX Etape 5 : Mas Vigorats - R\u00e9f. Cortalets<br \/>\nGPX Etape 6 : R\u00e9f. Cortalets - Canig\u00f3 - Py<br \/>\nGPX \u00c9tape 7 : Py - Mantet<br \/>\nGPX \u00c9tape 8 : Mantet - Ras de Caran\u00e7\u00e0<br \/>\nGPX \u00c9tape 9 : Ras de Caran\u00e7a - Bolqu\u00e8re<br \/>\nGPX Etape 10 : Bolqu\u00e8re - Besin\u00e8s<br \/>\nGPX Etape 11 : B\u00e9sines - Rulhe<br \/>\nGPX Etape 12 : Rulhe - Balledreyt<br \/>\nGPX Etape 13 : Hut de Balledreyt - Goulier<br \/>\nGPX Etape 14 : Goulier - Mounicou<br \/>\nGPX Etape 15 : Mounicou - Aulus les Bains<br \/>\nGPX Etape 16 : Aulus-les-Bains - Saint Lizier d'Ustou<br \/>\nGPX Etape 17 : Saint Lizier d'Ustou - Gite de Rouze<br \/>\nGPX Etape 18 : G\u00eete de Rouze - Esbintz<br \/>\nGPX Etape 19 : Esbintz - Maison de Valier<br \/>\nGPX Etape 20 : Maison de Valier - Eylie<br \/>\nGPX Etape 21 : Eylie - Fos<br \/>\nGPX Etape 22 : Fos - Bagn\u00e8res de Luchon<br \/>\nGPX Etape 23 : Bagn\u00e8res de Luchon - Espingo<br \/>\nGPX \u00c9tape 24 : Espingo - Loudenvielle<br \/>\nGPX Etape 25 : Loudenvielle - Lac de l'Oule<br \/>\nGPX Etape 26 : Lac de l'Oule - Bar\u00e8ges<br \/>\nGPX Etape 27 : Bar\u00e8ges - Saint Sauveur<br \/>\nGPX Etape 28 : Saint Sauveur - Cauterets<br \/>\nGPX Etape 29 : Cauterets - Arrens Marsous<br \/>\nGPX Etape 30 : Arrens Marsous - Gourette<br \/>\nGPX \u00c9tape 31 : Gourette - Gabas<br \/>\nGPX Etape 32 : Gabas - Ref. de Ayous<br \/>\nGPX Etape 33 : Ref. de Ayous - Etsaut<br \/>\nGPX Etape 34 : Etsaut - Lescun<br \/>\nGPX \u00c9tape 35 : Lescun - Santa Grazi<br \/>\nGPX \u00c9tape 36 : Santa Grazi - Logibar<br \/>\nGPX Etape 37 : Logibar - Chalets d'Iraty<br \/>\nGPX Etape 38 : Chalets d'Iraty - Esteren\u00e7uby<br \/>\nGPX \u00c9tape 39 : Esteren\u00e7uby - St \u00c9tienne de Baigorri<br \/>\nGPX Etape 40 : St Etienne de Baigorri - Bidarrai<br \/>\nGPX Etape 41 : Bidarrai - Sare<br \/>\nGPX Etape 42 : Sare - Hendaye<\/p>","protected":false},"excerpt":{"rendered":"extrait","protected":false},"featured_media":42040,"comment_status":"closed","ping_status":"closed","template":"","meta":{"_kad_blocks_custom_css":"","_kad_blocks_head_custom_js":"","_kad_blocks_body_custom_js":"","_kad_blocks_footer_custom_js":"","episode_type":"","audio_file":"","podmotor_file_id":"","podmotor_episode_id":"","cover_image":"","cover_image_id":"","duration":"","filesize":"","filesize_raw":"","date_recorded":"","explicit":"","block":"","_kad_post_transparent":"default","_kad_post_title":"","_kad_post_layout":"default","_kad_post_sidebar_id":"","_kad_post_content_style":"default","_kad_post_vertical_padding":"default","_kad_post_feature":"","_kad_post_feature_position":"","_kad_post_header":false,"_kad_post_footer":false,"_kad_post_classname":""},"product_brand":[],"product_cat":[3198],"product_tag":[],"class_list":{"0":"post-42037","1":"product","2":"type-product","3":"status-publish","4":"has-post-thumbnail","6":"product_cat-tracks","7":"member-discount","8":"discount-restricted","10":"first","11":"instock","12":"sale","13":"downloadable","14":"virtual","15":"taxable","16":"purchasable","17":"product-type-simple","18":"entry","19":"content-bg","20":"loop-entry"},"taxonomy_info":{"product_cat":[{"value":3198,"label":"Tracks"}]},"featured_image_src_large":["https:\/\/travesiapirenaica.com\/wp-content\/uploads\/2024\/06\/gr-10-tracks-etapas-1.jpg",1000,1000,false],"author_info":[],"comment_info":0,"jetpack_sharing_enabled":true,"_links":{"self":[{"href":"https:\/\/travesiapirenaica.com\/fr\/wp-json\/wp\/v2\/product\/42037","targetHints":{"allow":["GET"]}}],"collection":[{"href":"https:\/\/travesiapirenaica.com\/fr\/wp-json\/wp\/v2\/product"}],"about":[{"href":"https:\/\/travesiapirenaica.com\/fr\/wp-json\/wp\/v2\/types\/product"}],"replies":[{"embeddable":true,"href":"https:\/\/travesiapirenaica.com\/fr\/wp-json\/wp\/v2\/comments?post=42037"}],"wp:featuredmedia":[{"embeddable":true,"href":"https:\/\/travesiapirenaica.com\/fr\/wp-json\/wp\/v2\/media\/42040"}],"wp:attachment":[{"href":"https:\/\/travesiapirenaica.com\/fr\/wp-json\/wp\/v2\/media?parent=42037"}],"wp:term":[{"taxonomy":"product_brand","embeddable":true,"href":"https:\/\/travesiapirenaica.com\/fr\/wp-json\/wp\/v2\/product_brand?post=42037"},{"taxonomy":"product_cat","embeddable":true,"href":"https:\/\/travesiapirenaica.com\/fr\/wp-json\/wp\/v2\/product_cat?post=42037"},{"taxonomy":"product_tag","embeddable":true,"href":"https:\/\/travesiapirenaica.com\/fr\/wp-json\/wp\/v2\/product_tag?post=42037"}],"curies":[{"name":"wp","href":"https:\/\/api.w.org\/{rel}","templated":true}]}}