{"id":45466,"date":"2024-12-11T17:56:48","date_gmt":"2024-12-11T16:56:48","guid":{"rendered":"https:\/\/travesiapirenaica.com\/producto\/camiseta-gr11-edicion-travesia-pirenaica\/"},"modified":"2025-02-26T13:21:27","modified_gmt":"2025-02-26T12:21:27","slug":"gr11-t-shirt-de-la-traversee-des-pyrenees","status":"publish","type":"product","link":"https:\/\/travesiapirenaica.com\/fr\/producto\/camiseta-gr11-travesia-pirenaica\/","title":{"rendered":"T-shirt GR11 - Edition Travers\u00e9e des Pyr\u00e9n\u00e9es"},"content":{"rendered":"<p>Apr\u00e8s avoir r\u00eav\u00e9 pendant des ann\u00e9es d'un produit qui repr\u00e9sente l'esprit du GR11, nous avons sauv\u00e9 et perfectionn\u00e9 un dessin sp\u00e9cial qui est n\u00e9 dans les premiers jours de Traves\u00eda Pirenaica. Ce T-shirt, cr\u00e9\u00e9 avec amour pour notre communaut\u00e9, symbolise l'amour pour les Pyr\u00e9n\u00e9es et le chemin qui relie cette incroyable cha\u00eene de montagnes.<\/p>\n<p>Avec un l\u00e9ger restylage du design original, ce v\u00eatement n'est pas seulement un T-shirt, c'est un embl\u00e8me pour les amoureux de la transpirenaica. Id\u00e9al pour les aventures en plein air comme pour la vie de tous les jours, il allie confort, qualit\u00e9 et style.<\/p>\n<h4><strong>T-shirt unisexe \/ caract\u00e9ristiques :<\/strong><\/h4>\n<ul>\n<li>Tissu de qualit\u00e9 sup\u00e9rieure : coton 100% peign\u00e9 et fil\u00e9 \u00e0 l'anneau, avec une touche de polyester dans les tons Heather pour la durabilit\u00e9.<\/li>\n<li>Poids parfait : 142 g\/m\u00b2 (4.2 oz\/yd\u00b2), l\u00e9ger et respirant.<\/li>\n<li>Pr\u00e9-r\u00e9tr\u00e9ci : s'adapte parfaitement et conserve sa forme lavage apr\u00e8s lavage.<\/li>\n<li>Construction de qualit\u00e9 : coutures lat\u00e9rales et patte de boutonnage d'une \u00e9paule \u00e0 l'autre pour plus de solidit\u00e9.<\/li>\n<li>Approvisionnement responsable : produit de base fabriqu\u00e9 au Nicaragua, au Mexique, au Honduras ou aux \u00c9tats-Unis.<\/li>\n<\/ul>\n<h4><strong>Pourquoi l'aimerez-vous ?<\/strong><\/h4>\n<p>Il est doux, l\u00e9ger et juste assez extensible pour mettre en valeur votre silhouette. Plus qu'un v\u00eatement, c'est une d\u00e9claration d'amour aux Pyr\u00e9n\u00e9es et au GR11. Emportez avec vous un morceau de la Traves\u00eda.<\/p>\n<p>Obtenez-le et faites partie de notre histoire !<\/p>","protected":false},"excerpt":{"rendered":"extrait","protected":false},"featured_media":45496,"comment_status":"open","ping_status":"closed","template":"","meta":{"_kad_blocks_custom_css":"","_kad_blocks_head_custom_js":"","_kad_blocks_body_custom_js":"","_kad_blocks_footer_custom_js":"","episode_type":"","audio_file":"","podmotor_file_id":"","podmotor_episode_id":"","cover_image":"","cover_image_id":"","duration":"","filesize":"","filesize_raw":"","date_recorded":"","explicit":"","block":"","_kad_post_transparent":"default","_kad_post_title":"","_kad_post_layout":"default","_kad_post_sidebar_id":"","_kad_post_content_style":"default","_kad_post_vertical_padding":"default","_kad_post_feature":"","_kad_post_feature_position":"","_kad_post_header":false,"_kad_post_footer":false,"_kad_post_classname":""},"product_brand":[],"product_cat":[3197],"product_tag":[],"class_list":{"0":"post-45466","1":"product","2":"type-product","3":"status-publish","4":"has-post-thumbnail","6":"product_cat-camisetas","7":"pa_color-asfalto","8":"pa_color-blanco","9":"pa_color-jaspeado-atletico","10":"pa_color-melocoton-prisma-jaspeado","12":"first","13":"instock","14":"taxable","15":"shipping-taxable","16":"purchasable","17":"product-type-variable","18":"entry","19":"content-bg","20":"loop-entry"},"taxonomy_info":{"product_cat":[{"value":3197,"label":"Camisetas"}],"pa_color":[{"value":3186,"label":"Asfalto"},{"value":1220,"label":"Blanco"},{"value":3188,"label":"Jaspeado atl\u00e9tico"},{"value":3187,"label":"Melocot\u00f3n prisma jaspeado"}]},"featured_image_src_large":["https:\/\/travesiapirenaica.com\/wp-content\/uploads\/2024\/12\/unisex-staple-t-shirt-athletic-heather-front-6759c43864de9-1024x1024.jpg",1024,1024,true],"author_info":[],"comment_info":0,"jetpack_sharing_enabled":true,"_links":{"self":[{"href":"https:\/\/travesiapirenaica.com\/fr\/wp-json\/wp\/v2\/product\/45466","targetHints":{"allow":["GET"]}}],"collection":[{"href":"https:\/\/travesiapirenaica.com\/fr\/wp-json\/wp\/v2\/product"}],"about":[{"href":"https:\/\/travesiapirenaica.com\/fr\/wp-json\/wp\/v2\/types\/product"}],"replies":[{"embeddable":true,"href":"https:\/\/travesiapirenaica.com\/fr\/wp-json\/wp\/v2\/comments?post=45466"}],"wp:featuredmedia":[{"embeddable":true,"href":"https:\/\/travesiapirenaica.com\/fr\/wp-json\/wp\/v2\/media\/45496"}],"wp:attachment":[{"href":"https:\/\/travesiapirenaica.com\/fr\/wp-json\/wp\/v2\/media?parent=45466"}],"wp:term":[{"taxonomy":"product_brand","embeddable":true,"href":"https:\/\/travesiapirenaica.com\/fr\/wp-json\/wp\/v2\/product_brand?post=45466"},{"taxonomy":"product_cat","embeddable":true,"href":"https:\/\/travesiapirenaica.com\/fr\/wp-json\/wp\/v2\/product_cat?post=45466"},{"taxonomy":"product_tag","embeddable":true,"href":"https:\/\/travesiapirenaica.com\/fr\/wp-json\/wp\/v2\/product_tag?post=45466"}],"curies":[{"name":"wp","href":"https:\/\/api.w.org\/{rel}","templated":true}]}}