{"id":46843,"date":"2025-02-21T13:46:41","date_gmt":"2025-02-21T12:46:41","guid":{"rendered":"https:\/\/travesiapirenaica.com\/?post_type=product&#038;p=46843"},"modified":"2025-02-21T22:17:39","modified_gmt":"2025-02-21T21:17:39","slug":"guide-autour-de-laneto","status":"publish","type":"product","link":"https:\/\/travesiapirenaica.com\/fr\/producto\/guia-vuelta-aneto\/","title":{"rendered":"Tour de l'Aneto"},"content":{"rendered":"<ol>\n<li>Il s'agit d'un itin\u00e9raire de haute montagne, avec des cols \u00e0 plus de 2 800 m\u00e8tres d'altitude, un terrain escarp\u00e9, de la neige en toute saison et un d\u00e9nivel\u00e9 important. Un trek r\u00e9serv\u00e9 aux alpinistes bien \u00e9quip\u00e9s et en bonne forme physique.<\/li>\n<\/ol>\n<p>La Vuelta al Aneto est balis\u00e9e \u00e0 partir du trac\u00e9 du GR11 ou Senda Pirenaica. En fait, elle profite du trac\u00e9 principal du GR11 (au sud) et de sa variante GR11.5 (au nord), pour compl\u00e9ter un itin\u00e9raire qui fait le tour complet du massif.<\/p>\n<div class=\"code-block code-block-1\"><\/div>","protected":false},"excerpt":{"rendered":"extrait","protected":false},"featured_media":46844,"comment_status":"closed","ping_status":"closed","template":"","meta":{"_kad_blocks_custom_css":"","_kad_blocks_head_custom_js":"","_kad_blocks_body_custom_js":"","_kad_blocks_footer_custom_js":"","episode_type":"","audio_file":"","podmotor_file_id":"","podmotor_episode_id":"","cover_image":"","cover_image_id":"","duration":"","filesize":"","filesize_raw":"","date_recorded":"","explicit":"","block":"","_kad_post_transparent":"default","_kad_post_title":"","_kad_post_layout":"default","_kad_post_sidebar_id":"","_kad_post_content_style":"default","_kad_post_vertical_padding":"default","_kad_post_feature":"","_kad_post_feature_position":"","_kad_post_header":false,"_kad_post_footer":false,"_kad_post_classname":""},"product_brand":[],"product_cat":[3209],"product_tag":[],"class_list":{"0":"post-46843","1":"product","2":"type-product","3":"status-publish","4":"has-post-thumbnail","6":"product_cat-rutas-circulares","8":"first","9":"instock","10":"virtual","11":"taxable","12":"product-type-simple","13":"entry","14":"content-bg","15":"loop-entry"},"taxonomy_info":{"product_cat":[{"value":3209,"label":"Rutas circulares"}]},"featured_image_src_large":["https:\/\/travesiapirenaica.com\/wp-content\/uploads\/2025\/02\/Vuelta-al-ANETO-portada-producto-1024x682.webp",1024,682,true],"author_info":[],"comment_info":0,"jetpack_sharing_enabled":true,"_links":{"self":[{"href":"https:\/\/travesiapirenaica.com\/fr\/wp-json\/wp\/v2\/product\/46843","targetHints":{"allow":["GET"]}}],"collection":[{"href":"https:\/\/travesiapirenaica.com\/fr\/wp-json\/wp\/v2\/product"}],"about":[{"href":"https:\/\/travesiapirenaica.com\/fr\/wp-json\/wp\/v2\/types\/product"}],"replies":[{"embeddable":true,"href":"https:\/\/travesiapirenaica.com\/fr\/wp-json\/wp\/v2\/comments?post=46843"}],"wp:featuredmedia":[{"embeddable":true,"href":"https:\/\/travesiapirenaica.com\/fr\/wp-json\/wp\/v2\/media\/46844"}],"wp:attachment":[{"href":"https:\/\/travesiapirenaica.com\/fr\/wp-json\/wp\/v2\/media?parent=46843"}],"wp:term":[{"taxonomy":"product_brand","embeddable":true,"href":"https:\/\/travesiapirenaica.com\/fr\/wp-json\/wp\/v2\/product_brand?post=46843"},{"taxonomy":"product_cat","embeddable":true,"href":"https:\/\/travesiapirenaica.com\/fr\/wp-json\/wp\/v2\/product_cat?post=46843"},{"taxonomy":"product_tag","embeddable":true,"href":"https:\/\/travesiapirenaica.com\/fr\/wp-json\/wp\/v2\/product_tag?post=46843"}],"curies":[{"name":"wp","href":"https:\/\/api.w.org\/{rel}","templated":true}]}}