{"id":46873,"date":"2025-02-24T16:09:27","date_gmt":"2025-02-24T15:09:27","guid":{"rendered":"https:\/\/travesiapirenaica.com\/?post_type=product&#038;p=46873"},"modified":"2025-02-24T16:44:02","modified_gmt":"2025-02-24T15:44:02","slug":"contes-de-fees-ii","status":"publish","type":"product","link":"https:\/\/travesiapirenaica.com\/fr\/producto\/relatos-de-altura-ii\/","title":{"rendered":"Histoires de haute altitude II"},"content":{"rendered":"<h3><strong>II Concours de micro-r\u00e9cits de montagne - II Concurso de Microrrelatos de Monta\u00f1a - II Concours de micro-r\u00e9cits de montagne - II Concurso de Microrrelatos de Monta\u00f1a - II<\/strong><em>Edition sp\u00e9ciale ebook<\/em><\/h3>\n<p>Le pr\u00e9sent <em>livre \u00e9lectronique <\/em>rassemble les micro-histoires du 2e concours de micro-histoires organis\u00e9 par Traves\u00eda Pirenaica, o\u00f9 la cr\u00e9ativit\u00e9 et la passion pour les sommets se rencontrent.<\/p>\n<p><strong>Soutenez cette initiative !<\/strong><br \/>\nEn acqu\u00e9rant cette <em>livre \u00e9lectronique<\/em>Non seulement vous profiterez d'histoires uniques, mais vous soutiendrez \u00e9galement cette initiative culturelle qui maintient vivante l'essence des montagnes et des Pyr\u00e9n\u00e9es au sein de la communaut\u00e9 de la Traves\u00eda Pirenaica.<\/p>\n<p>Pr\u00eat \u00e0 vous laisser emporter par les mots de ceux qui, comme vous, entendent leur appel ?<\/p>","protected":false},"excerpt":{"rendered":"extrait","protected":false},"featured_media":46882,"comment_status":"closed","ping_status":"closed","template":"","meta":{"_kad_blocks_custom_css":"","_kad_blocks_head_custom_js":"","_kad_blocks_body_custom_js":"","_kad_blocks_footer_custom_js":"","episode_type":"","audio_file":"","podmotor_file_id":"","podmotor_episode_id":"","cover_image":"","cover_image_id":"","duration":"","filesize":"","filesize_raw":"","date_recorded":"","explicit":"","block":"","_kad_post_transparent":"default","_kad_post_title":"","_kad_post_layout":"default","_kad_post_sidebar_id":"","_kad_post_content_style":"default","_kad_post_vertical_padding":"default","_kad_post_feature":"","_kad_post_feature_position":"","_kad_post_header":false,"_kad_post_footer":false,"_kad_post_classname":""},"product_brand":[],"product_cat":[3210],"product_tag":[],"class_list":{"0":"post-46873","1":"product","2":"type-product","3":"status-publish","4":"has-post-thumbnail","6":"product_cat-relatos-de-altura","8":"first","9":"instock","10":"downloadable","11":"virtual","12":"taxable","13":"purchasable","14":"product-type-simple","15":"entry","16":"content-bg","17":"loop-entry"},"taxonomy_info":{"product_cat":[{"value":3210,"label":"Relatos de Altura"}]},"featured_image_src_large":["https:\/\/travesiapirenaica.com\/wp-content\/uploads\/2025\/02\/MOCKUP-RELATOS-DE-ALTURA-II.jpg",1000,1000,false],"author_info":[],"comment_info":0,"jetpack_sharing_enabled":true,"_links":{"self":[{"href":"https:\/\/travesiapirenaica.com\/fr\/wp-json\/wp\/v2\/product\/46873","targetHints":{"allow":["GET"]}}],"collection":[{"href":"https:\/\/travesiapirenaica.com\/fr\/wp-json\/wp\/v2\/product"}],"about":[{"href":"https:\/\/travesiapirenaica.com\/fr\/wp-json\/wp\/v2\/types\/product"}],"replies":[{"embeddable":true,"href":"https:\/\/travesiapirenaica.com\/fr\/wp-json\/wp\/v2\/comments?post=46873"}],"wp:featuredmedia":[{"embeddable":true,"href":"https:\/\/travesiapirenaica.com\/fr\/wp-json\/wp\/v2\/media\/46882"}],"wp:attachment":[{"href":"https:\/\/travesiapirenaica.com\/fr\/wp-json\/wp\/v2\/media?parent=46873"}],"wp:term":[{"taxonomy":"product_brand","embeddable":true,"href":"https:\/\/travesiapirenaica.com\/fr\/wp-json\/wp\/v2\/product_brand?post=46873"},{"taxonomy":"product_cat","embeddable":true,"href":"https:\/\/travesiapirenaica.com\/fr\/wp-json\/wp\/v2\/product_cat?post=46873"},{"taxonomy":"product_tag","embeddable":true,"href":"https:\/\/travesiapirenaica.com\/fr\/wp-json\/wp\/v2\/product_tag?post=46873"}],"curies":[{"name":"wp","href":"https:\/\/api.w.org\/{rel}","templated":true}]}}