{"id":46958,"date":"2025-02-27T10:59:42","date_gmt":"2025-02-27T09:59:42","guid":{"rendered":"https:\/\/travesiapirenaica.com\/?post_type=product&#038;p=46958"},"modified":"2025-02-27T11:15:40","modified_gmt":"2025-02-27T10:15:40","slug":"pistes-autour-de-laneto","status":"publish","type":"product","link":"https:\/\/travesiapirenaica.com\/fr\/producto\/tracks-vuelta-al-aneto\/","title":{"rendered":"Les \u00e9tapes de VUELTA AL ANETO"},"content":{"rendered":"<h2><span class=\"OYPEnA text-decoration-none text-strikethrough-none\">3 fichiers GPX des \u00e9tapes\u00a0<\/span><\/h2>\n<p>Ce t\u00e9l\u00e9chargement a \u00e9t\u00e9 cr\u00e9\u00e9 par Traves\u00eda Pirenaica. Toutes les pistes incluses ont \u00e9t\u00e9 soigneusement travaill\u00e9es, s\u00e9lectionn\u00e9es et r\u00e9vis\u00e9es afin d'offrir la meilleure exp\u00e9rience possible et la plus grande utilit\u00e9 aux utilisateurs.<\/p>\n<p>Liste des pistes<br \/>\n--------<\/p>\n<ul>\n<li>GPX Etape 1 : Plan de Senarta - Refuge de la Renclusa<\/li>\n<li>GPX Etape 2 : Refuge de la Renclusa - Refuge du Cap de Llauset<\/li>\n<li>GPX Etape 3 : Refuge du Cap de Llauset - Plan de S\u00e9narta<\/li>\n<\/ul>","protected":false},"excerpt":{"rendered":"extrait","protected":false},"featured_media":46960,"comment_status":"closed","ping_status":"closed","template":"","meta":{"_kad_blocks_custom_css":"","_kad_blocks_head_custom_js":"","_kad_blocks_body_custom_js":"","_kad_blocks_footer_custom_js":"","episode_type":"","audio_file":"","podmotor_file_id":"","podmotor_episode_id":"","cover_image":"","cover_image_id":"","duration":"","filesize":"","filesize_raw":"","date_recorded":"","explicit":"","block":"","_kad_post_transparent":"default","_kad_post_title":"","_kad_post_layout":"default","_kad_post_sidebar_id":"","_kad_post_content_style":"default","_kad_post_vertical_padding":"default","_kad_post_feature":"","_kad_post_feature_position":"","_kad_post_header":false,"_kad_post_footer":false,"_kad_post_classname":""},"product_brand":[],"product_cat":[3198],"product_tag":[],"class_list":{"0":"post-46958","1":"product","2":"type-product","3":"status-publish","4":"has-post-thumbnail","6":"product_cat-tracks","8":"first","9":"instock","10":"downloadable","11":"virtual","12":"taxable","13":"purchasable","14":"product-type-simple","15":"entry","16":"content-bg","17":"loop-entry"},"taxonomy_info":{"product_cat":[{"value":3198,"label":"Tracks"}]},"featured_image_src_large":["https:\/\/travesiapirenaica.com\/wp-content\/uploads\/2025\/02\/Tracks-GPX-Vuelta-Aneto-1.jpg",1000,1000,false],"author_info":[],"comment_info":0,"jetpack_sharing_enabled":true,"_links":{"self":[{"href":"https:\/\/travesiapirenaica.com\/fr\/wp-json\/wp\/v2\/product\/46958","targetHints":{"allow":["GET"]}}],"collection":[{"href":"https:\/\/travesiapirenaica.com\/fr\/wp-json\/wp\/v2\/product"}],"about":[{"href":"https:\/\/travesiapirenaica.com\/fr\/wp-json\/wp\/v2\/types\/product"}],"replies":[{"embeddable":true,"href":"https:\/\/travesiapirenaica.com\/fr\/wp-json\/wp\/v2\/comments?post=46958"}],"wp:featuredmedia":[{"embeddable":true,"href":"https:\/\/travesiapirenaica.com\/fr\/wp-json\/wp\/v2\/media\/46960"}],"wp:attachment":[{"href":"https:\/\/travesiapirenaica.com\/fr\/wp-json\/wp\/v2\/media?parent=46958"}],"wp:term":[{"taxonomy":"product_brand","embeddable":true,"href":"https:\/\/travesiapirenaica.com\/fr\/wp-json\/wp\/v2\/product_brand?post=46958"},{"taxonomy":"product_cat","embeddable":true,"href":"https:\/\/travesiapirenaica.com\/fr\/wp-json\/wp\/v2\/product_cat?post=46958"},{"taxonomy":"product_tag","embeddable":true,"href":"https:\/\/travesiapirenaica.com\/fr\/wp-json\/wp\/v2\/product_tag?post=46958"}],"curies":[{"name":"wp","href":"https:\/\/api.w.org\/{rel}","templated":true}]}}