{"id":47797,"date":"2025-04-08T17:03:22","date_gmt":"2025-04-08T15:03:22","guid":{"rendered":"https:\/\/travesiapirenaica.com\/producto\/camiseta-pioneers-regular-fit\/"},"modified":"2025-04-09T14:13:10","modified_gmt":"2025-04-09T12:13:10","slug":"pioneers-regular-fit-t-shirt","status":"publish","type":"product","link":"https:\/\/travesiapirenaica.com\/fr\/producto\/camiseta-pioneers-regular-fit\/","title":{"rendered":"T-shirt \u00e0 coupe r\u00e9guli\u00e8re \"Pionniers"},"content":{"rendered":"<p>Fruit de la collaboration entre Traves\u00eda Pirenaica et Bukatu Dut, nous vous pr\u00e9sentons ce t-shirt \u00e0 manches courtes au motif \"Pionniers\". Pour les pionniers pour qui l'exploration de nouveaux horizons est un mode de vie. Inspir\u00e9 par la Transpyr\u00e9n\u00e9enne et l'esprit d'aventure, ce t-shirt unisexe, en coton biologique 100% ring-spun, est un must. Il est de grande qualit\u00e9, tr\u00e8s confortable et, surtout, respectueux de l'environnement.<\/p>\n<p>- Coton biologique fil\u00e9 \u00e0 l'anneau 100%<br \/>\n- Poids du tissu : 180 g\/m\u00b2 (5.3 oz\/yd\u00b2)<br \/>\n- R\u00e9glage moyen<br \/>\n- Manches assembl\u00e9es<br \/>\n- 1\u00d71 c\u00f4tes sur le col<br \/>\n- Double piq\u00fbre large sur les manches et les ourlets inf\u00e9rieurs<br \/>\n- Patte de boutonnage r\u00e9alis\u00e9e dans le m\u00eame tissu \u00e0 l'int\u00e9rieur du dos du col<br \/>\n- Produit de base du Bangladesh<\/p>\n<p>Pour le march\u00e9 am\u00e9ricain, les tailles sont plus petites que l'\u00e9quivalent habituel, il est donc conseill\u00e9 aux clients am\u00e9ricains de commander une taille au-dessus.<\/p>\n<p>Restrictions d'\u00e2ge : pour les adultes<br \/>\nGarantie UE : 2 ans<br \/>\nAutres informations relatives \u00e0 la conformit\u00e9 : Conforme aux exigences REACH de l'UE.<\/p>\n<p>Conform\u00e9ment au r\u00e8glement sur la s\u00e9curit\u00e9 g\u00e9n\u00e9rale des produits (RGSP), <b>Ch\u00eane inc.<\/b> veille \u00e0 ce que tous les produits de consommation propos\u00e9s soient s\u00fbrs et conformes aux normes de l'UE. Pour toute question ou pr\u00e9occupation concernant la s\u00e9curit\u00e9 des produits, veuillez nous contacter \u00e0 l'adresse suivante <b>alex.oak@company.com<\/b> ou nous \u00e9crire <b>123 Main Street, Anytown, Country.<b \/><\/p>","protected":false},"excerpt":{"rendered":"extrait","protected":false},"featured_media":47832,"comment_status":"open","ping_status":"closed","template":"","meta":{"_kad_blocks_custom_css":"","_kad_blocks_head_custom_js":"","_kad_blocks_body_custom_js":"","_kad_blocks_footer_custom_js":"","episode_type":"","audio_file":"","podmotor_file_id":"","podmotor_episode_id":"","cover_image":"","cover_image_id":"","duration":"","filesize":"","filesize_raw":"","date_recorded":"","explicit":"","block":"","_kad_post_transparent":"default","_kad_post_title":"","_kad_post_layout":"default","_kad_post_sidebar_id":"","_kad_post_content_style":"default","_kad_post_vertical_padding":"default","_kad_post_feature":"","_kad_post_feature_position":"","_kad_post_header":false,"_kad_post_footer":false,"_kad_post_classname":""},"product_brand":[],"product_cat":[3222],"product_tag":[],"class_list":{"0":"post-47797","1":"product","2":"type-product","3":"status-publish","4":"has-post-thumbnail","6":"product_cat-spirit","7":"pa_color-burgundy","8":"pa_color-french-navy","9":"pa_color-gris-jaspeado-oscuro","10":"pa_color-negro","12":"first","13":"instock","14":"taxable","15":"shipping-taxable","16":"purchasable","17":"product-type-variable","18":"entry","19":"content-bg","20":"loop-entry"},"taxonomy_info":{"product_cat":[{"value":3222,"label":"SPIRIT Collection"}],"pa_color":[{"value":3216,"label":"Burgundy"},{"value":3214,"label":"French Navy"},{"value":3215,"label":"Gris jaspeado oscuro"},{"value":1202,"label":"Negro"}]},"featured_image_src_large":["https:\/\/travesiapirenaica.com\/wp-content\/uploads\/2025\/04\/unisex-organic-cotton-t-shirt-dark-heather-grey-front-67f53a94e1915-1024x1024.jpg",1024,1024,true],"author_info":[],"comment_info":0,"jetpack_sharing_enabled":true,"_links":{"self":[{"href":"https:\/\/travesiapirenaica.com\/fr\/wp-json\/wp\/v2\/product\/47797","targetHints":{"allow":["GET"]}}],"collection":[{"href":"https:\/\/travesiapirenaica.com\/fr\/wp-json\/wp\/v2\/product"}],"about":[{"href":"https:\/\/travesiapirenaica.com\/fr\/wp-json\/wp\/v2\/types\/product"}],"replies":[{"embeddable":true,"href":"https:\/\/travesiapirenaica.com\/fr\/wp-json\/wp\/v2\/comments?post=47797"}],"wp:featuredmedia":[{"embeddable":true,"href":"https:\/\/travesiapirenaica.com\/fr\/wp-json\/wp\/v2\/media\/47832"}],"wp:attachment":[{"href":"https:\/\/travesiapirenaica.com\/fr\/wp-json\/wp\/v2\/media?parent=47797"}],"wp:term":[{"taxonomy":"product_brand","embeddable":true,"href":"https:\/\/travesiapirenaica.com\/fr\/wp-json\/wp\/v2\/product_brand?post=47797"},{"taxonomy":"product_cat","embeddable":true,"href":"https:\/\/travesiapirenaica.com\/fr\/wp-json\/wp\/v2\/product_cat?post=47797"},{"taxonomy":"product_tag","embeddable":true,"href":"https:\/\/travesiapirenaica.com\/fr\/wp-json\/wp\/v2\/product_tag?post=47797"}],"curies":[{"name":"wp","href":"https:\/\/api.w.org\/{rel}","templated":true}]}}